{"id":418,"date":"2017-05-24T17:33:19","date_gmt":"2017-05-24T17:33:19","guid":{"rendered":"http:\/\/victorthemes.com\/themes\/rodich\/?page_id=418"},"modified":"2017-05-24T17:33:19","modified_gmt":"2017-05-24T17:33:19","slug":"open-table","status":"publish","type":"page","link":"https:\/\/gastrolinemt.com\/?page_id=418","title":{"rendered":"Open Table"},"content":{"rendered":"<div class=\"wpb-content-wrapper\"><p>[vc_row overlay_dotted=&#8221;&#8221; css=&#8221;.vc_custom_1495652654967{padding-top: 85px !important;}&#8221;][vc_column text_alignment=&#8221;text-center&#8221;]<h2 class=\"roch-headlin-primary roch-oswaldr-fontS roch-sec-hedg-horizontal-shap no-margin  roch-headlin-primary-69e39139b781e \">Make Online Reservation<\/h2>[vc_column_text]<h5 class=\"roch-res-subtitle\">Powered by opentable<\/h5>[\/vc_column_text][\/vc_column][\/vc_row][vc_row overlay_dotted=&#8221;&#8221; css=&#8221;.vc_custom_1495652993547{padding-top: 30px !important;padding-bottom: 30px !important;}&#8221;][vc_column]    <!-- Reservation form start \\-->\n        <div class=\" text-center roch-online-reser-from \">\n      <form method=\"GET\" action=\"\/\/www.opentable.com\/s\/interim?\" target=\"_blank\">\n        <div class=\" roch-onl-res-fo-groups \">\n          <!--  single form group  start\\-->\n          <div class=\" roch-onl-res-fo-single\">\n            <div class=\"input-group\">\n                            <span class=\"input-group-addon\">\n                <i class=\"fa fa-user\"><\/i>\n              <\/span>\n                            <select class=\"form-control onl-res-fo-select\" name=\"covers\">\n                <option value=\"1\">1 Person<\/option>\n                <option value=\"2\">2 People<\/option>\n                <option value=\"3\">3 People<\/option>\n                <option value=\"4\">4 People<\/option>\n                <option value=\"5\">5 People<\/option>\n                <option value=\"6\">6 People<\/option>\n                <option value=\"7\">7 People<\/option>\n                <option value=\"8\">8 People<\/option>\n                <option value=\"9\">9 People<\/option>\n                <option value=\"10\">10 People<\/option>\n                <option value=\"11\">11 People<\/option>\n                <option value=\"12\">12 People<\/option>\n                <option value=\"13\">13 People<\/option>\n                <option value=\"14\">14 People<\/option>\n                <option value=\"15\">15 People<\/option>\n                <option value=\"16\">16 People<\/option>\n                <option value=\"17\">17 People<\/option>\n                <option value=\"18\">18 People<\/option>\n                <option value=\"19\">19 People<\/option>\n                <option value=\"20\">20 People<\/option>\n                <option value=\"21\">Large Party<\/option>\n              <\/select>\n            <\/div>\n          <\/div><!--\/end-->\n          <!--  single form group  start\\-->\n          <div class=\" roch-onl-res-fo-single\">\n            <div class=\"input-group\">\n                            <span class=\"datepicker_btn input-group-addon\">\n                <i class=\"fa fa-calendar\"><\/i>\n              <\/span>\n                            <input type=\"text\" id=\"tbDate\" class=\"datepicker_fil form-control\" placeholder=\"2026\/04\/18\">\n            <\/div>\n          <\/div><!--\/end-->\n          <!--  single form group  start\\-->\n          <div class=\" roch-onl-res-fo-single\">\n            <div class=\"input-group bootstrap-timepicker timepicker\">\n                            <span class=\"input-group-addon\">\n                <i class=\"fa fa-clock-o\"><\/i>\n              <\/span>\n                            <input type=\"text\" id=\"tbTime\" class=\"timepicker_fil form-control\" placeholder=\"7:30 PM\">\n                        <\/div>\n          <\/div><!--\/end-->\n\n                  <\/div>\n\n                <button class=\"roch-btn\" type=\"submit\">Find Your Table<\/button>\n                <input type=\"hidden\" id=\"tbDateTime\" name=\"dateTime\">\n        <input type=\"hidden\" name=\"metroId\" class=\"RestaurantID\" value=\"3401\">\n        <input type=\"hidden\" name=\"regionIds\" class=\"rid\" value=\"9013\">\n        <input type=\"hidden\" name=\"enableSimpleCuisines\" class=\"GeoID\" value=\"true\">\n        <input type=\"hidden\" name=\"pageType\" class=\"txtDateFormat\" value=\"0\">\n        <!-- <input type=\"hidden\" name=\"RestaurantReferralID\" class=\"RestaurantReferralID\" value=\"\"> -->\n      <\/form><!--\/ Reservation form end-->\n    <\/div>\n    [\/vc_column][\/vc_row][vc_row overlay_dotted=&#8221;&#8221; css=&#8221;.vc_custom_1495653020321{padding-bottom: 45px !important;}&#8221;][vc_column text_alignment=&#8221;text-center&#8221;][vc_column_text]You can also call: <a href=\"http:\/\/+1 224 6787 004\">+1 224 6787 004<\/a> to make a reservation.[\/vc_column_text][\/vc_column][\/vc_row][vc_row][vc_column][vc_separator][\/vc_column][\/vc_row][vc_row overlay_dotted=&#8221;&#8221; css=&#8221;.vc_custom_1495653381654{padding-top: 60px !important;padding-bottom: 60px !important;}&#8221;][vc_column width=&#8221;1\/3&#8243;]    <div class=\"roch-info-box  roch-info-box-69e39139b7894\">\n      <!-- single service start\\-->\n      <div class=\"roch-custom-col\">\n        <div class=\"roch-fix roch-single-service\">\n                    <!-- single service image start\\-->\n          <img decoding=\"async\" src=\"https:\/\/gastrolinemt.com\/wp-content\/uploads\/2017\/07\/blog-image-1-9-370x260.jpg\" alt=\"\"><!--\/ end-->\n          <!-- single service caption title start\\-->\n          <h4 class=\"text-uppercase roch-sin-ser-capt-title\">\n            <i class=\"fa fa-cutlery\"><\/i>Mouth Watering Food           <\/h4><!--\/ end-->\n\n          <!-- single service hover caption start\\-->\n\n          <div class=\"roch-sin-ser-caption-hover-warp\">\n            <div class=\"roch-sin-ser-caption-hover\">\n              <h4 class=\"text-uppercase roch-sin-ser-capt-hov-title\">\n                <i class=\"fa fa-cutlery\"><\/i>Mouth Watering Food               <\/h4>\n              <p>Rodich chefs create melt-in-your-mouth dishes that'll satiate even the fussiest eaters.<\/p>\n              <a class=\"roch-btn roch-btn-active roch-btn-hover-one\" href=\"http:\/\/victorthemes.com\/themes\/rodich\/about\/\" target=\"_blank\"><span>Learn More<\/span><\/a>            <\/div>\n          <\/div><!--\/ end-->\n        <\/div>\n      <\/div><!--\/ end-->\n    <\/div><!--\/ end-->\n\n  [\/vc_column][vc_column width=&#8221;1\/3&#8243;]    <div class=\"roch-info-box  roch-info-box-69e39139b7cae\">\n      <!-- single service start\\-->\n      <div class=\"roch-custom-col\">\n        <div class=\"roch-fix roch-single-service\">\n                    <!-- single service image start\\-->\n          <img decoding=\"async\" src=\"https:\/\/gastrolinemt.com\/wp-content\/uploads\/2017\/07\/blog-image-3-9-370x260.jpg\" alt=\"\"><!--\/ end-->\n          <!-- single service caption title start\\-->\n          <h4 class=\"text-uppercase roch-sin-ser-capt-title\">\n            <i class=\"fa fa-coffee\"><\/i>DEDICATED &amp; ATTENDING STAFF          <\/h4><!--\/ end-->\n\n          <!-- single service hover caption start\\-->\n\n          <div class=\"roch-sin-ser-caption-hover-warp\">\n            <div class=\"roch-sin-ser-caption-hover\">\n              <h4 class=\"text-uppercase roch-sin-ser-capt-hov-title\">\n                <i class=\"fa fa-coffee\"><\/i>DEDICATED &amp; ATTENDING STAFF              <\/h4>\n              <p>There is a game between the waiters in Rodich to see who serves the food to each table fastest.<\/p>\n              <a class=\"roch-btn roch-btn-active roch-btn-hover-one\" href=\"http:\/\/victorthemes.com\/themes\/rodich\/about\/\" target=\"_blank\"><span>Learn More<\/span><\/a>            <\/div>\n          <\/div><!--\/ end-->\n        <\/div>\n      <\/div><!--\/ end-->\n    <\/div><!--\/ end-->\n\n  [\/vc_column][vc_column width=&#8221;1\/3&#8243;]    <div class=\"roch-info-box  roch-info-box-69e39139b7fd5\">\n      <!-- single service start\\-->\n      <div class=\"roch-custom-col\">\n        <div class=\"roch-fix roch-single-service\">\n                    <!-- single service image start\\-->\n          <img decoding=\"async\" src=\"https:\/\/gastrolinemt.com\/wp-content\/uploads\/2017\/07\/blog-image-1-9-370x260.jpg\" alt=\"\"><!--\/ end-->\n          <!-- single service caption title start\\-->\n          <h4 class=\"text-uppercase roch-sin-ser-capt-title\">\n            <i class=\"fa fa-bed\"><\/i>RELAXING ATMOSPHERE          <\/h4><!--\/ end-->\n\n          <!-- single service hover caption start\\-->\n\n          <div class=\"roch-sin-ser-caption-hover-warp\">\n            <div class=\"roch-sin-ser-caption-hover\">\n              <h4 class=\"text-uppercase roch-sin-ser-capt-hov-title\">\n                <i class=\"fa fa-bed\"><\/i>RELAXING ATMOSPHERE              <\/h4>\n              <p>The Rodich's atmosphere sets the stage. It\u2019s about more than just a dining room away from home.<\/p>\n              <a class=\"roch-btn roch-btn-active roch-btn-hover-one\" href=\"http:\/\/victorthemes.com\/themes\/rodich\/about\/\" target=\"_blank\"><span>Learn More<\/span><\/a>            <\/div>\n          <\/div><!--\/ end-->\n        <\/div>\n      <\/div><!--\/ end-->\n    <\/div><!--\/ end-->\n\n  [\/vc_column][\/vc_row][vc_row full_width=&#8221;stretch_row&#8221; overlay_dotted=&#8221;&#8221; css=&#8221;.vc_custom_1498806059562{background-image: url(http:\/\/victorthemes.com\/themes\/rodich\/wp-content\/uploads\/2017\/07\/fg-8.jpg?id=965) !important;background-position: center !important;background-repeat: no-repeat !important;background-size: cover !important;}&#8221; overlay_color=&#8221;rgba(0,0,0,0.6)&#8221;][vc_column width=&#8221;2\/12&#8243;][\/vc_column][vc_column width=&#8221;8\/12&#8243; css=&#8221;.vc_custom_1495288280446{padding-top: 10px !important;}&#8221;]<div class=\"roch-classic-testimonial-area  roch-testimonial-curosel-69e39139b80b0\"><div class=\"roch-full_height\"><div class=\"roch-classic-testimonial-curosel-warp\"><h2 class=\"text-center roch-clas-tes-title\">Happy Clients<\/h2><div class=\"roch-classic-testimonial-curosel\">      <!-- classic testimonial single item start\\-->\n      <div class=\"text-center roch-clas-tes-single-item\">\n        <p><q>\u201cMutfak kurulumu ve ekipman dan\u0131\u015fmanl\u0131\u011f\u0131 ger\u00e7ekten fark yaratt\u0131. \u0130\u015f ak\u0131\u015f\u0131 \u00e7ok daha d\u00fczenli ve profesyonel hale geldi.\u201d<\/q><\/p>\n        <div class=\"roch-clas-tes-info\">\n          <div class=\"roch-clas-tes-thumb\">\n            <img decoding=\"async\" src=\"\" alt=\"\">\n          <\/div>\n          <div class=\"roch-clas-tes-rating\">\n            <input type=\"hidden\" value=\"\" class=\"roch-rating-tooltip-manual\" data-filled=\"fa fa-star fa-1x\" data-empty=\"fa fa-star-o fa-1x\" data-fractions=\"3\" disabled=\"disabled\">\n          <\/div>\n          <h4 class=\"text-uppercase roch-clas-tes-name\">Mehmet Demir<\/h4>\n        <\/div>\n      <\/div><!--\/end-->\n          <!-- classic testimonial single item start\\-->\n      <div class=\"text-center roch-clas-tes-single-item\">\n        <p><q>\u201cEkip e\u011fitimi ve operasyonel rehberlik sayesinde personelimiz \u00e7ok h\u0131zl\u0131 adapte oldu. \u0130\u015fletmemizin verimlili\u011fi g\u00f6zle g\u00f6r\u00fcl\u00fcr \u015fekilde artt\u0131.\u201d<\/q><\/p>\n        <div class=\"roch-clas-tes-info\">\n          <div class=\"roch-clas-tes-thumb\">\n            <img decoding=\"async\" src=\"\" alt=\"\">\n          <\/div>\n          <div class=\"roch-clas-tes-rating\">\n            <input type=\"hidden\" value=\"5\" class=\"roch-rating-tooltip-manual\" data-filled=\"fa fa-star fa-1x\" data-empty=\"fa fa-star-o fa-1x\" data-fractions=\"3\" disabled=\"disabled\">\n          <\/div>\n          <h4 class=\"text-uppercase roch-clas-tes-name\">Elif Koca<\/h4>\n        <\/div>\n      <\/div><!--\/end-->\n          <!-- classic testimonial single item start\\-->\n      <div class=\"text-center roch-clas-tes-single-item\">\n        <p><q>\u201cGastroline sayesinde a\u00e7\u0131l\u0131\u015f \u00f6ncesi mutfak ve men\u00fc planlamam\u0131z kusursuz oldu. T\u00fcm s\u00fcre\u00e7 profesyonel ve \u00e7ok verimliydi.\u201d<\/q><\/p>\n        <div class=\"roch-clas-tes-info\">\n          <div class=\"roch-clas-tes-thumb\">\n            <img decoding=\"async\" src=\"\" alt=\"\">\n          <\/div>\n          <div class=\"roch-clas-tes-rating\">\n            <input type=\"hidden\" value=\"5\" class=\"roch-rating-tooltip-manual\" data-filled=\"fa fa-star fa-1x\" data-empty=\"fa fa-star-o fa-1x\" data-fractions=\"3\" disabled=\"disabled\">\n          <\/div>\n          <h4 class=\"text-uppercase roch-clas-tes-name\">Ahmet Y\u0131lmaz<\/h4>\n        <\/div>\n      <\/div><!--\/end-->\n    <\/div><\/div><\/div><\/div>[\/vc_column][vc_column width=&#8221;2\/12&#8243;][\/vc_column][\/vc_row][vc_row equal_height=&#8221;yes&#8221; content_placement=&#8221;middle&#8221; overlay_dotted=&#8221;&#8221; css=&#8221;.vc_custom_1495293993853{padding-top: 80px !important;padding-bottom: 80px !important;}&#8221;][vc_column width=&#8221;1\/2&#8243;]        <div class=\"roch-book-table-images \">\n                    <!--  single  image start\\-->\n          <div class=\"roch-book-table-single-img\">\n            <img decoding=\"async\" src=\"https:\/\/gastrolinemt.com\/wp-content\/uploads\/2017\/07\/testi-2-9-285x192.jpg\" alt=\"\">\n          <\/div><!--  end-->\n                    <!--  single  image start\\-->\n          <div class=\"roch-book-table-single-img\">\n            <img decoding=\"async\" src=\"https:\/\/gastrolinemt.com\/wp-content\/uploads\/2017\/07\/testi-1-9-285x192.jpg\" alt=\"\">\n          <\/div><!--  end-->\n                    <!--  single  image start\\-->\n          <div class=\"roch-book-table-single-img\">\n            <img decoding=\"async\" src=\"https:\/\/gastrolinemt.com\/wp-content\/uploads\/2017\/07\/blog-image-3-9-285x192.jpg\" alt=\"\">\n          <\/div><!--  end-->\n                    <!--  single  image start\\-->\n          <div class=\"roch-book-table-single-img\">\n            <img decoding=\"async\" src=\"https:\/\/gastrolinemt.com\/wp-content\/uploads\/2017\/07\/blog-image-1-9-285x192.jpg\" alt=\"\">\n          <\/div><!--  end-->\n                  <\/div>\n      [\/vc_column][vc_column width=&#8221;1\/2&#8243; text_alignment=&#8221;text-center&#8221;]<h3 class=\"roch-headlin-secondary roch-tangerineb-fontS no-margin-bottom roch-headlin-secondary-69e39139b8deb \">Special Dishes<\/h3><h2 class=\"roch-headlin-primary roch-oswaldr-fontS roch-sec-hedg-vertical-shap no-margin-top  roch-headlin-primary-69e39139b8dfc \">Discover Our Menu<\/h2>[vc_empty_space height=&#8221;10px&#8221;][vc_column_text css=&#8221;.vc_custom_1498051934767{padding-right: 48px !important;padding-left: 48px !important;}&#8221;]<\/p>\n<div class=\"wpb_text_column wpb_content_element vc_custom_1496815332836\">\n<div class=\"wpb_wrapper\">\n<p style=\"text-align: center;\">The people, food and the prime locations make Rodich the perfect place good friends &amp; family to come together and have great time. Everytime you perfectly dine with us, it should happy for great inspired food in an environment designed with individual touches unique to the local area.<\/p>\n<\/div>\n<\/div>\n<p>[\/vc_column_text][vc_empty_space height=&#8221;20px&#8221;]<a class=\"roch-read-more-underline  roch-read-more-underline-69e39139b8e0c \" href=\"http:\/\/victorthemes.com\/themes\/rodich\/menu\/\">View Full Menu<\/a>[\/vc_column][\/vc_row]<\/p>\n<\/div>","protected":false},"excerpt":{"rendered":"[vc_row overlay_dotted=&#8221;&#8221; css=&#8221;.vc_custom_1495652654967{padding-top: 85px !important;}&#8221;][vc_column text_alignment=&#8221;text-center&#8221;][vc_column_text][\/vc_column_text][\/vc_column][\/vc_row][vc_row overlay_dotted=&#8221;&#8221; css=&#8221;.vc_custom_1495652993547{padding-top: 30px !important;padding-bottom: 30px !important;}&#8221;][vc_column][\/vc_column][\/vc_row][vc_row overlay_dotted=&#8221;&#8221; css=&#8221;.vc_custom_1495653020321{padding-bottom: 45px !important;}&#8221;][vc_column text_alignment=&#8221;text-center&#8221;][vc_column_text]You can also call: +1 224 6787 004 to make a reservation.[\/vc_column_text][\/vc_column][\/vc_row][vc_row][vc_column][vc_separator][\/vc_column][\/vc_row][vc_row overlay_dotted=&#8221;&#8221; css=&#8221;.vc_custom_1495653381654{padding-top: 60px !important;padding-bottom: 60px !important;}&#8221;][vc_column width=&#8221;1\/3&#8243;][\/vc_column][vc_column width=&#8221;1\/3&#8243;][\/vc_column][vc_column width=&#8221;1\/3&#8243;][\/vc_column][\/vc_row][vc_row full_width=&#8221;stretch_row&#8221; overlay_dotted=&#8221;&#8221; css=&#8221;.vc_custom_1498806059562{background-image: url(http:\/\/victorthemes.com\/themes\/rodich\/wp-content\/uploads\/2017\/07\/fg-8.jpg?id=965) !important;background-position: center !important;background-repeat: no-repeat !important;background-size: cover !important;}&#8221; overlay_color=&#8221;rgba(0,0,0,0.6)&#8221;][vc_column width=&#8221;2\/12&#8243;][\/vc_column][vc_column width=&#8221;8\/12&#8243; css=&#8221;.vc_custom_1495288280446{padding-top: 10px !important;}&#8221;][\/vc_column][vc_column width=&#8221;2\/12&#8243;][\/vc_column][\/vc_row][vc_row[&#8230;]","protected":false},"author":1,"featured_media":0,"parent":0,"menu_order":0,"comment_status":"closed","ping_status":"closed","template":"","meta":{"footnotes":""},"class_list":["post-418","page","type-page","status-publish","hentry"],"_hostinger_reach_plugin_has_subscription_block":false,"_hostinger_reach_plugin_is_elementor":false,"_links":{"self":[{"href":"https:\/\/gastrolinemt.com\/index.php?rest_route=\/wp\/v2\/pages\/418","targetHints":{"allow":["GET"]}}],"collection":[{"href":"https:\/\/gastrolinemt.com\/index.php?rest_route=\/wp\/v2\/pages"}],"about":[{"href":"https:\/\/gastrolinemt.com\/index.php?rest_route=\/wp\/v2\/types\/page"}],"author":[{"embeddable":true,"href":"https:\/\/gastrolinemt.com\/index.php?rest_route=\/wp\/v2\/users\/1"}],"replies":[{"embeddable":true,"href":"https:\/\/gastrolinemt.com\/index.php?rest_route=%2Fwp%2Fv2%2Fcomments&post=418"}],"version-history":[{"count":0,"href":"https:\/\/gastrolinemt.com\/index.php?rest_route=\/wp\/v2\/pages\/418\/revisions"}],"wp:attachment":[{"href":"https:\/\/gastrolinemt.com\/index.php?rest_route=%2Fwp%2Fv2%2Fmedia&parent=418"}],"curies":[{"name":"wp","href":"https:\/\/api.w.org\/{rel}","templated":true}]}}