{"id":183,"date":"2017-05-21T18:28:52","date_gmt":"2017-05-21T18:28:52","guid":{"rendered":"http:\/\/victorthemes.com\/themes\/rodich\/?page_id=183"},"modified":"2025-11-03T13:32:35","modified_gmt":"2025-11-03T13:32:35","slug":"contact","status":"publish","type":"page","link":"https:\/\/gastrolinemt.com\/?page_id=183","title":{"rendered":"\u0130leti\u015fim"},"content":{"rendered":"<div class=\"wpb-content-wrapper\"><p>[vc_row overlay_dotted=&#8221;&#8221; css=&#8221;.vc_custom_1495447296627{padding-top: 80px !important;padding-bottom: 55px !important;}&#8221;][vc_column width=&#8221;1\/2&#8243;][vc_column_text css=&#8221;&#8221;]<h3 class=\"text-uppercase roch-cnct-pag-info-title\">\u0130LET\u0130\u015e\u0130ME GE\u00c7\u0130N<\/h3><div class=\"roch-cnct-pag-contact-info\"><p>Gastroline sakinlerinden haber almaktan mutluluk duyuyoruz. Bizimle ileti\u015fime ge\u00e7mek i\u00e7in zaman ay\u0131rd\u0131\u011f\u0131n\u0131z i\u00e7in te\u015fekk\u00fcr ederiz. L\u00fctfen a\u015fa\u011f\u0131daki formu doldurun.<\/p><\/div>[vc_empty_space height=&#8221;20px&#8221;]<div class=\"roch-cnct-pag-single-info roch-address \"><strong>Address:<\/strong> 345 Park Avenue, San Jose, CA 95110, United Kindon(UK)<\/div>[vc_empty_space height=&#8221;12px&#8221;]<div class=\"roch-cnct-pag-single-info  roch-phone-69e3913463cef\"><strong>Phone: <\/strong> +44 023 456 78<\/div>[vc_empty_space height=&#8221;12px&#8221;]<div class=\"roch-cnct-pag-single-info  roch-email-69e3913463cff\"><strong>Email: <\/strong> Yourdomain@rodich.com <\/div>[vc_empty_space height=&#8221;30px&#8221;]<div class=\"roch-footer-social\"><ul class=\"list-inline  roch-socials-69e3913463d09\"><li><a href=\"https:\/\/www.facebook.com\" class=\"icon-fa-facebook\"><i class=\"fa fa-facebook\"><\/i><\/a><\/li><li><a href=\"https:\/\/www.twitter.com\" class=\"icon-fa-twitter\"><i class=\"fa fa-twitter\"><\/i><\/a><\/li><li><a href=\"https:\/\/www.instagram.com\" class=\"icon-fa-instagram\"><i class=\"fa fa-instagram\"><\/i><\/a><\/li><li><a href=\"https:\/\/www.tripadvisor.com\" class=\"icon-fa-tripadvisor\"><i class=\"fa fa-tripadvisor\"><\/i><\/a><\/li><\/ul><\/div>[\/vc_column_text][\/vc_column][vc_column width=&#8221;1\/2&#8243;]<div class=\"roch-stylest-contact-form rodich-contact-69e3913463d58 contact-box-two\">\n<div class=\"wpcf7 no-js\" id=\"wpcf7-f1203-o1\" lang=\"en-US\" dir=\"ltr\" data-wpcf7-id=\"1203\">\n<div class=\"screen-reader-response\"><p role=\"status\" aria-live=\"polite\" aria-atomic=\"true\"><\/p> <ul><\/ul><\/div>\n<form action=\"\/index.php?rest_route=%2Fwp%2Fv2%2Fpages%2F183#wpcf7-f1203-o1\" method=\"post\" class=\"wpcf7-form init\" aria-label=\"Contact form\" novalidate=\"novalidate\" data-status=\"init\">\n<fieldset class=\"hidden-fields-container\"><input type=\"hidden\" name=\"_wpcf7\" value=\"1203\" \/><input type=\"hidden\" name=\"_wpcf7_version\" value=\"6.1.2\" \/><input type=\"hidden\" name=\"_wpcf7_locale\" value=\"en_US\" \/><input type=\"hidden\" name=\"_wpcf7_unit_tag\" value=\"wpcf7-f1203-o1\" \/><input type=\"hidden\" name=\"_wpcf7_container_post\" value=\"0\" \/><input type=\"hidden\" name=\"_wpcf7_posted_data_hash\" value=\"\" \/>\n<\/fieldset>\n<div class=\"row roch-styt-cont-form-group roch-styt-cont-form-row\"><div class=\"col-md-6 roch-styt-cont-col\"><span class=\"wpcf7-form-control-wrap\" data-name=\"your-name\"><input size=\"40\" maxlength=\"400\" class=\"wpcf7-form-control wpcf7-text wpcf7-validates-as-required\" aria-required=\"true\" aria-invalid=\"false\" placeholder=\"Name*\" value=\"\" type=\"text\" name=\"your-name\" \/><\/span><\/div><div class=\"col-md-6 roch-styt-cont-col\"><span class=\"wpcf7-form-control-wrap\" data-name=\"your-email\"><input size=\"40\" maxlength=\"400\" class=\"wpcf7-form-control wpcf7-email wpcf7-validates-as-required wpcf7-text wpcf7-validates-as-email\" aria-required=\"true\" aria-invalid=\"false\" placeholder=\"Email*\" value=\"\" type=\"email\" name=\"your-email\" \/><\/span><\/div><\/div><div class=\"row  roch-styt-cont-form-row\"><div class=\"col-md-12 roch-styt-cont-col\"><span class=\"wpcf7-form-control-wrap\" data-name=\"your-subject\"><input size=\"40\" maxlength=\"400\" class=\"wpcf7-form-control wpcf7-text\" aria-invalid=\"false\" placeholder=\"Subject\" value=\"\" type=\"text\" name=\"your-subject\" \/><\/span><\/div><\/div><div class=\"row  roch-styt-cont-form-row\"><div class=\"col-md-12 roch-text-message-fi roch-styt-cont-col\"><span class=\"wpcf7-form-control-wrap\" data-name=\"your-message\"><textarea cols=\"40\" rows=\"10\" maxlength=\"2000\" class=\"wpcf7-form-control wpcf7-textarea\" aria-invalid=\"false\" placeholder=\"Message\" name=\"your-message\"><\/textarea><\/span><\/div><\/div><input class=\"wpcf7-form-control wpcf7-submit has-spinner\" type=\"submit\" value=\"Send Message\" \/>\n<\/p><div class=\"wpcf7-response-output\" aria-hidden=\"true\"><\/div>\n<\/form>\n<\/div>\n<\/div>[\/vc_column][\/vc_row][vc_row][vc_column]<div id=\"1\" class=\"rodich-gmap-tab tab-pane fade\"><div id=\"map-69e39134644fd\" class=\"rodich-google-map  rodich-gmap-69e39134644fd\"><\/div><\/div>    <script type=\"text\/javascript\">\n    \/\/ Custom Map Script\n    jQuery(document).ready(function($) {\n      $(\"#map-69e39134644fd\").googleMap({\n        zoom: 10,\n        type: \"ROADMAP\",\n        styles: [{featureType:'all',elementType:'all',stylers:[{saturation: -100}]}],\n        streetViewControl: false,\n        scrollwheel: false,\n        mapTypeControl: false,\n                    coords: [40.712784,  -74.005941],\n                  });\n            $(\"#map-69e39134644fd\").addMarker({\n        coords: [40.712784,  -74.005941],\n        icon: 'https:\/\/gastrolinemt.com\/wp-content\/plugins\/rodich-core\/assets\/images\/map-marker.png',\n                      });\n          });\n    <\/script>\n[\/vc_column][\/vc_row]<\/p>\n<\/div>","protected":false},"excerpt":{"rendered":"[vc_row overlay_dotted=&#8221;&#8221; css=&#8221;.vc_custom_1495447296627{padding-top: 80px !important;padding-bottom: 55px !important;}&#8221;][vc_column width=&#8221;1\/2&#8243;][vc_column_text css=&#8221;&#8221;][vc_empty_space height=&#8221;20px&#8221;][vc_empty_space height=&#8221;12px&#8221;][vc_empty_space height=&#8221;12px&#8221;][vc_empty_space height=&#8221;30px&#8221;][\/vc_column_text][\/vc_column][vc_column width=&#8221;1\/2&#8243;][\/vc_column][\/vc_row][vc_row][vc_column][\/vc_column][\/vc_row]","protected":false},"author":1,"featured_media":0,"parent":0,"menu_order":0,"comment_status":"closed","ping_status":"closed","template":"","meta":{"footnotes":""},"class_list":["post-183","page","type-page","status-publish","hentry"],"_hostinger_reach_plugin_has_subscription_block":false,"_hostinger_reach_plugin_is_elementor":false,"_links":{"self":[{"href":"https:\/\/gastrolinemt.com\/index.php?rest_route=\/wp\/v2\/pages\/183","targetHints":{"allow":["GET"]}}],"collection":[{"href":"https:\/\/gastrolinemt.com\/index.php?rest_route=\/wp\/v2\/pages"}],"about":[{"href":"https:\/\/gastrolinemt.com\/index.php?rest_route=\/wp\/v2\/types\/page"}],"author":[{"embeddable":true,"href":"https:\/\/gastrolinemt.com\/index.php?rest_route=\/wp\/v2\/users\/1"}],"replies":[{"embeddable":true,"href":"https:\/\/gastrolinemt.com\/index.php?rest_route=%2Fwp%2Fv2%2Fcomments&post=183"}],"version-history":[{"count":5,"href":"https:\/\/gastrolinemt.com\/index.php?rest_route=\/wp\/v2\/pages\/183\/revisions"}],"predecessor-version":[{"id":1288,"href":"https:\/\/gastrolinemt.com\/index.php?rest_route=\/wp\/v2\/pages\/183\/revisions\/1288"}],"wp:attachment":[{"href":"https:\/\/gastrolinemt.com\/index.php?rest_route=%2Fwp%2Fv2%2Fmedia&parent=183"}],"curies":[{"name":"wp","href":"https:\/\/api.w.org\/{rel}","templated":true}]}}