{"id":167,"date":"2017-05-21T16:42:20","date_gmt":"2017-05-21T16:42:20","guid":{"rendered":"http:\/\/victorthemes.com\/themes\/rodich\/?page_id=167"},"modified":"2025-11-15T11:02:17","modified_gmt":"2025-11-15T11:02:17","slug":"about","status":"publish","type":"page","link":"https:\/\/gastrolinemt.com\/?page_id=167","title":{"rendered":"Hakk\u0131m\u0131zda"},"content":{"rendered":"<div class=\"wpb-content-wrapper\"><p>[vc_row equal_height=&#8221;yes&#8221; content_placement=&#8221;middle&#8221; overlay_dotted=&#8221;&#8221; css=&#8221;.vc_custom_1495291974879{padding-top: 80px !important;padding-bottom: 80px !important;}&#8221;][vc_column width=&#8221;1\/2&#8243; text_alignment=&#8221;text-center&#8221;]<h3 class=\"roch-headlin-secondary roch-tangerineb-fontS no-margin-bottom vc_custom_1762172486551 roch-headlin-secondary-69e37aae98b73 \">Gastroline'a Hos geldiniz!<\/h3><h2 class=\"roch-headlin-primary roch-oswaldr-fontS roch-sec-hedg-vertical-shap no-margin-top  roch-headlin-primary-69e37aae98b8b \">Biz Kimiz?<\/h2>[vc_empty_space height=&#8221;10px&#8221;][vc_column_text css=&#8221;.vc_custom_1762172429314{padding-right: 48px !important;padding-left: 48px !important;}&#8221;]<\/p>\n<div class=\"wpb_text_column wpb_content_element vc_custom_1496815332836\">\n<div class=\"wpb_wrapper\">\n<p style=\"text-align: center;\">Restoran dan\u0131\u015fmanl\u0131\u011f\u0131 alan\u0131nda y\u0131llar\u0131n deneyimine sahip bir ekibiz. Mutfakta ba\u015flad\u0131\u011f\u0131m\u0131z yolculu\u011fumuzu i\u015fletme dan\u0131\u015fmanl\u0131\u011f\u0131 ile birle\u015ftirerek, restoran sahiplerine sadece fikir de\u011fil, uygulanabilir \u00e7\u00f6z\u00fcmler sunuyoruz. Her projeye \u00f6zel yakla\u015f\u0131m\u0131m\u0131z ile i\u015fletmenizin ihtiya\u00e7lar\u0131na tam uyum sa\u011fl\u0131yoruz.<\/p>\n<\/div>\n<\/div>\n<p>[\/vc_column_text][vc_empty_space height=&#8221;20px&#8221;][\/vc_column][vc_column width=&#8221;1\/2&#8243;][vc_single_image image=&#8221;1261&#8243; img_size=&#8221;full&#8221; css=&#8221;&#8221;][\/vc_column][\/vc_row][vc_row][vc_column][vc_separator color=&#8221;custom&#8221; accent_color=&#8221;#e5e5e5&#8243;][\/vc_column][\/vc_row][vc_row equal_height=&#8221;yes&#8221; content_placement=&#8221;middle&#8221; overlay_dotted=&#8221;&#8221; css=&#8221;.vc_custom_1495293993853{padding-top: 80px !important;padding-bottom: 80px !important;}&#8221;][vc_column width=&#8221;1\/2&#8243;][vc_single_image image=&#8221;1262&#8243; img_size=&#8221;full&#8221; alignment=&#8221;center&#8221; css=&#8221;&#8221;][\/vc_column][vc_column width=&#8221;1\/2&#8243; text_alignment=&#8221;text-center&#8221;]<h2 class=\"roch-headlin-primary roch-oswaldr-fontS roch-sec-hedg-vertical-shap no-margin-top  roch-headlin-primary-69e37aae98b9b \">Misyon &amp; Vizyon<\/h2>[vc_empty_space height=&#8221;10px&#8221;][vc_column_text css=&#8221;.vc_custom_1762172558910{padding-right: 48px !important;padding-left: 48px !important;}&#8221;]<\/p>\n<div class=\"wpb_text_column wpb_content_element vc_custom_1496815332836\">\n<div class=\"wpb_wrapper\">\n<p data-start=\"946\" data-end=\"1108\"><strong data-start=\"946\" data-end=\"957\">Misyon:<\/strong> Restoran ve kafe i\u015fletmelerine, s\u00fcrd\u00fcr\u00fclebilir ve k\u00e2rl\u0131 \u00e7\u00f6z\u00fcmler sunmak. Her i\u015fletmeye \u00f6zel, uygulanabilir ve yarat\u0131c\u0131 dan\u0131\u015fmanl\u0131k hizmeti sa\u011flamak.<\/p>\n<p data-start=\"946\" data-end=\"1108\"><strong data-start=\"1111\" data-end=\"1122\">Vizyon:<\/strong> T\u00fcrkiye\u2019de ve uluslararas\u0131 alanda g\u00fcvenilir, yenilik\u00e7i ve sekt\u00f6rde \u00f6rnek g\u00f6sterilen bir dan\u0131\u015fmanl\u0131k firmas\u0131 olmak.<\/p>\n<\/div>\n<\/div>\n<p>[\/vc_column_text][vc_empty_space height=&#8221;20px&#8221;][\/vc_column][\/vc_row][vc_row full_width=&#8221;stretch_row&#8221; overlay_dotted=&#8221;&#8221; css=&#8221;.vc_custom_1498802741258{padding-top: 90px !important;padding-bottom: 90px !important;background-image: url(http:\/\/victorthemes.com\/themes\/rodich\/wp-content\/uploads\/2017\/07\/fg-8.jpg?id=965) !important;background-position: center !important;background-repeat: no-repeat !important;background-size: cover !important;}&#8221; overlay_color=&#8221;rgba(0,0,0,0.7)&#8221;][vc_column][\/vc_column][\/vc_row][vc_row overlay_dotted=&#8221;&#8221; css=&#8221;.vc_custom_1495390763623{padding-top: 80px !important;}&#8221;][vc_column text_alignment=&#8221;text-center&#8221;]<h2 class=\"roch-headlin-primary roch-oswaldr-fontS roch-sec-hedg-horizontal-shap no-margin  roch-headlin-primary-69e37aae98ba8 \">Ekibimiz<\/h2>[\/vc_column][\/vc_row][vc_row overlay_dotted=&#8221;&#8221; css=&#8221;.vc_custom_1495390904343{padding-top: 50px !important;padding-bottom: 70px !important;}&#8221;][vc_column]<div class=\"row roch-staff-team-page-team-area\">      <!--  single  staff start\\-->\n      <div class=\"col-sm-6 col-md-6 roch-custom-col roch-team-custom-col\">\n        <div class=\"roch-single-staff\">\n          <!--  single  photo and social start\\-->\n          <div class=\"roch-fix text-center roch-single-staff-photo\">\n            <img decoding=\"async\" src=\"\" alt=\"\" \/>\n            <div class=\"roch-single-staff-social\">\n                            <ul class=\"list-inline\">\n                              <li><a href=\"https:\/\/www.facebook.com\"><i class=\"fa fa-facebook-official\"><\/i><\/a><\/li>\n                              <li><a href=\"https:\/\/www.twitter.com\"><i class=\"fa fa-twitter\"><\/i><\/a><\/li>\n                              <li><a href=\"https:\/\/www.instagram.com\"><i class=\"fa fa-instagram\"><\/i><\/a><\/li>\n                              <li><a href=\"https:\/\/www.plus.google.com\"><i class=\"fa fa-google-plus\"><\/i><\/a><\/li>\n                            <\/ul>\n                        <\/div>\n          <\/div><!--\/end-->\n\n          <!--  single  staff text start\\-->\n          <div class=\"text-center roch-single-staff-text\">\n            <h4 class=\"text-uppercase roch-single-staff-name\">\u0130rem Sodan<\/h4>\n                        <h5 class=\"roch-single-staff-intro\">Gastroline Ortak Kurucu<\/h5>\n                        <p>\n            Ortak Kurucu            <\/p>\n          <\/div><!--\/end-->\n\n        <\/div>\n      <\/div>\n          <!--  single  staff start\\-->\n      <div class=\"col-sm-6 col-md-6 roch-custom-col roch-team-custom-col\">\n        <div class=\"roch-single-staff\">\n          <!--  single  photo and social start\\-->\n          <div class=\"roch-fix text-center roch-single-staff-photo\">\n            <img decoding=\"async\" src=\"\" alt=\"\" \/>\n            <div class=\"roch-single-staff-social\">\n                            <ul class=\"list-inline\">\n                              <li><a href=\"https:\/\/www.facebook.com\"><i class=\"fa fa-facebook-official\"><\/i><\/a><\/li>\n                              <li><a href=\"https:\/\/www.twitter.com\"><i class=\"fa fa-twitter\"><\/i><\/a><\/li>\n                              <li><a href=\"https:\/\/www.instagram.com\"><i class=\"fa fa-instagram\"><\/i><\/a><\/li>\n                              <li><a href=\"https:\/\/www.plus.google.com\"><i class=\"fa fa-google-plus\"><\/i><\/a><\/li>\n                            <\/ul>\n                        <\/div>\n          <\/div><!--\/end-->\n\n          <!--  single  staff text start\\-->\n          <div class=\"text-center roch-single-staff-text\">\n            <h4 class=\"text-uppercase roch-single-staff-name\">Peter Parker<\/h4>\n                        <h5 class=\"roch-single-staff-intro\">Ortak Kurucu<\/h5>\n                        <p>\n            Ortak Kurucu            <\/p>\n          <\/div><!--\/end-->\n\n        <\/div>\n      <\/div>\n    <\/div>[\/vc_column][\/vc_row]<\/p>\n<\/div>","protected":false},"excerpt":{"rendered":"[vc_row equal_height=&#8221;yes&#8221; content_placement=&#8221;middle&#8221; overlay_dotted=&#8221;&#8221; css=&#8221;.vc_custom_1495291974879{padding-top: 80px !important;padding-bottom: 80px !important;}&#8221;][vc_column width=&#8221;1\/2&#8243; text_alignment=&#8221;text-center&#8221;][vc_empty_space height=&#8221;10px&#8221;][vc_column_text css=&#8221;.vc_custom_1762172429314{padding-right: 48px !important;padding-left: 48px !important;}&#8221;] Restoran dan\u0131\u015fmanl\u0131\u011f\u0131 alan\u0131nda y\u0131llar\u0131n deneyimine sahip bir ekibiz. Mutfakta ba\u015flad\u0131\u011f\u0131m\u0131z yolculu\u011fumuzu i\u015fletme dan\u0131\u015fmanl\u0131\u011f\u0131[&#8230;]","protected":false},"author":1,"featured_media":0,"parent":0,"menu_order":0,"comment_status":"closed","ping_status":"closed","template":"","meta":{"footnotes":""},"class_list":["post-167","page","type-page","status-publish","hentry"],"_hostinger_reach_plugin_has_subscription_block":false,"_hostinger_reach_plugin_is_elementor":false,"_links":{"self":[{"href":"https:\/\/gastrolinemt.com\/index.php?rest_route=\/wp\/v2\/pages\/167","targetHints":{"allow":["GET"]}}],"collection":[{"href":"https:\/\/gastrolinemt.com\/index.php?rest_route=\/wp\/v2\/pages"}],"about":[{"href":"https:\/\/gastrolinemt.com\/index.php?rest_route=\/wp\/v2\/types\/page"}],"author":[{"embeddable":true,"href":"https:\/\/gastrolinemt.com\/index.php?rest_route=\/wp\/v2\/users\/1"}],"replies":[{"embeddable":true,"href":"https:\/\/gastrolinemt.com\/index.php?rest_route=%2Fwp%2Fv2%2Fcomments&post=167"}],"version-history":[{"count":8,"href":"https:\/\/gastrolinemt.com\/index.php?rest_route=\/wp\/v2\/pages\/167\/revisions"}],"predecessor-version":[{"id":1321,"href":"https:\/\/gastrolinemt.com\/index.php?rest_route=\/wp\/v2\/pages\/167\/revisions\/1321"}],"wp:attachment":[{"href":"https:\/\/gastrolinemt.com\/index.php?rest_route=%2Fwp%2Fv2%2Fmedia&parent=167"}],"curies":[{"name":"wp","href":"https:\/\/api.w.org\/{rel}","templated":true}]}}