{"id":144,"date":"2017-05-21T13:40:23","date_gmt":"2017-05-21T13:40:23","guid":{"rendered":"http:\/\/victorthemes.com\/themes\/rodich\/?page_id=144"},"modified":"2025-11-03T11:14:58","modified_gmt":"2025-11-03T11:14:58","slug":"services","status":"publish","type":"page","link":"https:\/\/gastrolinemt.com\/?page_id=144","title":{"rendered":"Services"},"content":{"rendered":"<div class=\"wpb-content-wrapper\"><p>[vc_row overlay_dotted=&#8221;&#8221; css=&#8221;.vc_custom_1495374383781{padding-top: 60px !important;padding-bottom: 50px !important;}&#8221;][vc_column width=&#8221;1\/3&#8243; text_alignment=&#8221;text-center&#8221;]    <!-- single service start \\-->\n    <div class=\"roch-info-box  roch-info-box-69e37a6551043\">\n      <div class=\"roch-custom-col\">\n        <div class=\"roch-onepage-single-service\">\n                    <!-- image start \\-->\n          <img decoding=\"async\" src=\"https:\/\/gastrolinemt.com\/wp-content\/uploads\/2017\/07\/blog-image-3-9-370x260.jpg\" alt=\"\" \/><!--\/end-->\n\n          <!-- text start \\-->\n          <div class=\"roch-onepage-sin-serv-text\">\n            <h4 class=\"text-uppercase roch-onepage-sin-serv-title\">\n              MOUTH WATERING FOOD            <\/h4>\n            <p>Rodich foods are made using locally produced ingredients. Our chefs create melt-in-your-mouth dishes that'll satiate even the fussiest eaters.<\/p>\n                      <\/div><!--\/end-->\n\n        <\/div>\n      <\/div>\n    <\/div><!--\/end-->\n  [\/vc_column][vc_column width=&#8221;1\/3&#8243; text_alignment=&#8221;text-center&#8221;]    <!-- single service start \\-->\n    <div class=\"roch-info-box  roch-info-box-69e37a65512f1\">\n      <div class=\"roch-custom-col\">\n        <div class=\"roch-onepage-single-service\">\n                    <!-- image start \\-->\n          <img decoding=\"async\" src=\"https:\/\/gastrolinemt.com\/wp-content\/uploads\/2017\/07\/blog-image-1-9-370x260.jpg\" alt=\"\" \/><!--\/end-->\n\n          <!-- text start \\-->\n          <div class=\"roch-onepage-sin-serv-text\">\n            <h4 class=\"text-uppercase roch-onepage-sin-serv-title\">\n              DEDICATED &amp; ATTENDING STAFF            <\/h4>\n            <p>There is a game between the waiters in Rodich to see who serves the food to each table fastest. That led to Rodich attempting the Guinness Record.<\/p>\n                      <\/div><!--\/end-->\n\n        <\/div>\n      <\/div>\n    <\/div><!--\/end-->\n  [\/vc_column][vc_column width=&#8221;1\/3&#8243; text_alignment=&#8221;text-center&#8221;]    <!-- single service start \\-->\n    <div class=\"roch-info-box  roch-info-box-69e37a6551519\">\n      <div class=\"roch-custom-col\">\n        <div class=\"roch-onepage-single-service\">\n                    <!-- image start \\-->\n          <img decoding=\"async\" src=\"https:\/\/gastrolinemt.com\/wp-content\/uploads\/2017\/07\/blog-image-3-9-370x260.jpg\" alt=\"\" \/><!--\/end-->\n\n          <!-- text start \\-->\n          <div class=\"roch-onepage-sin-serv-text\">\n            <h4 class=\"text-uppercase roch-onepage-sin-serv-title\">\n              RELAXING ATMOSPHERE            <\/h4>\n            <p>The Rodich's atmosphere set the stage. It\u2019s about more than just a dining room away from your home. Rodich's food takes the spotlight as guests.<\/p>\n                      <\/div><!--\/end-->\n\n        <\/div>\n      <\/div>\n    <\/div><!--\/end-->\n  [\/vc_column][\/vc_row][vc_row full_width=&#8221;stretch_row&#8221; parallax=&#8221;content-moving&#8221; parallax_speed_bg=&#8221;5&#8243; overlay_dotted=&#8221;&#8221; css=&#8221;.vc_custom_1498802483869{padding-top: 150px !important;padding-bottom: 160px !important;background-image: url(http:\/\/victorthemes.com\/themes\/rodich\/wp-content\/uploads\/2017\/07\/fg-2.jpg?id=766) !important;}&#8221; overlay_color=&#8221;rgba(0,0,0,0.3)&#8221;][vc_column text_alignment=&#8221;text-center&#8221;]<h3 class=\"roch-headlin-secondary roch-tangerineb-fontS no-margin-bottom vc_custom_1497966090602 roch-headlin-secondary-69e37a65515c0 \">Just Explore our Services<\/h3><h2 class=\"roch-headlin-primary roch-oswaldr-fontS  no-margin-top  roch-headlin-primary-69e37a65515d4 \">We Offer Delicious Services<\/h2>[\/vc_column][\/vc_row][vc_row overlay_dotted=&#8221;&#8221; css=&#8221;.vc_custom_1495374787967{padding-top: 60px !important;padding-bottom: 20px !important;}&#8221;][vc_column width=&#8221;1\/4&#8243;]  <!--  single  special dishes start\\-->\n  <div class=\"roch-info-box  roch-info-box-69e37a65515e5\">\n    <div class=\"roch-custom-col\">\n      <div class=\"text-center roch-hom-para-special-dishe-single\">\n                <!--  icon start\\-->\n        <div class=\"roch-hom-para-spec-dishe-icon\">\n          <img decoding=\"async\" src=\"https:\/\/gastrolinemt.com\/wp-content\/uploads\/2017\/07\/s-icon-1-9.png\" alt=\"\"><!--\/ end-->\n        <\/div><!--\/end-->\n\n        <!-- text start\\-->\n        <div class=\"roch-hom-para-spec-dishe-text\">\n          <h4 class=\"text-uppercase roch-hom-para-spec-dishe-title\">Healthy Ingredients<\/h4>\n          <p>These quick and easy recipes are made by healthy ingredients for a delicious and healthy meal.<\/p>\n        <\/div><!--\/end-->\n\n      <\/div>\n    <\/div><!--\/end-->\n  <\/div><!--\/end-->\n\n  [\/vc_column][vc_column width=&#8221;1\/4&#8243;]  <!--  single  special dishes start\\-->\n  <div class=\"roch-info-box  roch-info-box-69e37a655180a\">\n    <div class=\"roch-custom-col\">\n      <div class=\"text-center roch-hom-para-special-dishe-single\">\n                <!--  icon start\\-->\n        <div class=\"roch-hom-para-spec-dishe-icon\">\n          <img decoding=\"async\" src=\"https:\/\/gastrolinemt.com\/wp-content\/uploads\/2017\/07\/s-icon-1-9.png\" alt=\"\"><!--\/ end-->\n        <\/div><!--\/end-->\n\n        <!-- text start\\-->\n        <div class=\"roch-hom-para-spec-dishe-text\">\n          <h4 class=\"text-uppercase roch-hom-para-spec-dishe-title\">Tasty Foods<\/h4>\n          <p>Rodich chefs create melt-in-your-mouth dishes that will satiate even the fussiest eaters.<\/p>\n        <\/div><!--\/end-->\n\n      <\/div>\n    <\/div><!--\/end-->\n  <\/div><!--\/end-->\n\n  [\/vc_column][vc_column width=&#8221;1\/4&#8243;]  <!--  single  special dishes start\\-->\n  <div class=\"roch-info-box  roch-info-box-69e37a65518a5\">\n    <div class=\"roch-custom-col\">\n      <div class=\"text-center roch-hom-para-special-dishe-single\">\n                <!--  icon start\\-->\n        <div class=\"roch-hom-para-spec-dishe-icon\">\n          <img decoding=\"async\" src=\"https:\/\/gastrolinemt.com\/wp-content\/uploads\/2017\/07\/s-icon-1-9.png\" alt=\"\"><!--\/ end-->\n        <\/div><!--\/end-->\n\n        <!-- text start\\-->\n        <div class=\"roch-hom-para-spec-dishe-text\">\n          <h4 class=\"text-uppercase roch-hom-para-spec-dishe-title\">SPECIAL DRINKS<\/h4>\n          <p>White rum, agave syrup, fresh lime served with a salted rim. Try as classic with tequila.<\/p>\n        <\/div><!--\/end-->\n\n      <\/div>\n    <\/div><!--\/end-->\n  <\/div><!--\/end-->\n\n  [\/vc_column][vc_column width=&#8221;1\/4&#8243;]  <!--  single  special dishes start\\-->\n  <div class=\"roch-info-box  roch-info-box-69e37a655192c\">\n    <div class=\"roch-custom-col\">\n      <div class=\"text-center roch-hom-para-special-dishe-single\">\n                <!--  icon start\\-->\n        <div class=\"roch-hom-para-spec-dishe-icon\">\n          <img decoding=\"async\" src=\"https:\/\/gastrolinemt.com\/wp-content\/uploads\/2017\/07\/s-icon-1-9.png\" alt=\"\"><!--\/ end-->\n        <\/div><!--\/end-->\n\n        <!-- text start\\-->\n        <div class=\"roch-hom-para-spec-dishe-text\">\n          <h4 class=\"text-uppercase roch-hom-para-spec-dishe-title\">lOVELY SERVICE<\/h4>\n          <p>There is a game between the waiters in Rodich to see who serves the food to each table fastest.<\/p>\n        <\/div><!--\/end-->\n\n      <\/div>\n    <\/div><!--\/end-->\n  <\/div><!--\/end-->\n\n  [\/vc_column][\/vc_row][vc_row overlay_dotted=&#8221;&#8221; css=&#8221;.vc_custom_1495374802063{padding-top: 20px !important;padding-bottom: 60px !important;}&#8221;][vc_column width=&#8221;1\/4&#8243;]  <!--  single  special dishes start\\-->\n  <div class=\"roch-info-box  roch-info-box-69e37a65519ae\">\n    <div class=\"roch-custom-col\">\n      <div class=\"text-center roch-hom-para-special-dishe-single\">\n                <!--  icon start\\-->\n        <div class=\"roch-hom-para-spec-dishe-icon\">\n          <img decoding=\"async\" src=\"https:\/\/gastrolinemt.com\/wp-content\/uploads\/2017\/07\/s-icon-1-9.png\" alt=\"\"><!--\/ end-->\n        <\/div><!--\/end-->\n\n        <!-- text start\\-->\n        <div class=\"roch-hom-para-spec-dishe-text\">\n          <h4 class=\"text-uppercase roch-hom-para-spec-dishe-title\">Table Ordering<\/h4>\n          <p>Take look at our fabulous menu. And use our beest online booking system to book a table instantly!<\/p>\n        <\/div><!--\/end-->\n\n      <\/div>\n    <\/div><!--\/end-->\n  <\/div><!--\/end-->\n\n  [\/vc_column][vc_column width=&#8221;1\/4&#8243;]  <!--  single  special dishes start\\-->\n  <div class=\"roch-info-box  roch-info-box-69e37a6551a77\">\n    <div class=\"roch-custom-col\">\n      <div class=\"text-center roch-hom-para-special-dishe-single\">\n                <!--  icon start\\-->\n        <div class=\"roch-hom-para-spec-dishe-icon\">\n          <img decoding=\"async\" src=\"https:\/\/gastrolinemt.com\/wp-content\/uploads\/2017\/07\/s-icon-1-9.png\" alt=\"\"><!--\/ end-->\n        <\/div><!--\/end-->\n\n        <!-- text start\\-->\n        <div class=\"roch-hom-para-spec-dishe-text\">\n          <h4 class=\"text-uppercase roch-hom-para-spec-dishe-title\">Special Menus<\/h4>\n          <p>Every day with special and Rodich's daily specials including the vegetarian dish of the day.<\/p>\n        <\/div><!--\/end-->\n\n      <\/div>\n    <\/div><!--\/end-->\n  <\/div><!--\/end-->\n\n  [\/vc_column][vc_column width=&#8221;1\/4&#8243;]  <!--  single  special dishes start\\-->\n  <div class=\"roch-info-box  roch-info-box-69e37a6551b0d\">\n    <div class=\"roch-custom-col\">\n      <div class=\"text-center roch-hom-para-special-dishe-single\">\n                <!--  icon start\\-->\n        <div class=\"roch-hom-para-spec-dishe-icon\">\n          <img decoding=\"async\" src=\"https:\/\/gastrolinemt.com\/wp-content\/uploads\/2017\/07\/s-icon-1-9.png\" alt=\"\"><!--\/ end-->\n        <\/div><!--\/end-->\n\n        <!-- text start\\-->\n        <div class=\"roch-hom-para-spec-dishe-text\">\n          <h4 class=\"text-uppercase roch-hom-para-spec-dishe-title\">Party Celebrations<\/h4>\n          <p>Sharing boards are the best way to explore our rum range. All served with your choice of mixer.<\/p>\n        <\/div><!--\/end-->\n\n      <\/div>\n    <\/div><!--\/end-->\n  <\/div><!--\/end-->\n\n  [\/vc_column][vc_column width=&#8221;1\/4&#8243;]  <!--  single  special dishes start\\-->\n  <div class=\"roch-info-box  roch-info-box-69e37a6551b8f\">\n    <div class=\"roch-custom-col\">\n      <div class=\"text-center roch-hom-para-special-dishe-single\">\n                <!--  icon start\\-->\n        <div class=\"roch-hom-para-spec-dishe-icon\">\n          <img decoding=\"async\" src=\"https:\/\/gastrolinemt.com\/wp-content\/uploads\/2017\/07\/s-icon-1-9.png\" alt=\"\"><!--\/ end-->\n        <\/div><!--\/end-->\n\n        <!-- text start\\-->\n        <div class=\"roch-hom-para-spec-dishe-text\">\n          <h4 class=\"text-uppercase roch-hom-para-spec-dishe-title\">Home Delivery<\/h4>\n          <p>Everyday essentials delivered on time with a schedule you set. Don't forget to order your dishes.<\/p>\n        <\/div><!--\/end-->\n\n      <\/div>\n    <\/div><!--\/end-->\n  <\/div><!--\/end-->\n\n  [\/vc_column][\/vc_row][vc_row equal_height=&#8221;yes&#8221; content_placement=&#8221;middle&#8221; overlay_dotted=&#8221;&#8221; css=&#8221;.vc_custom_1495381607494{padding-top: 50px !important;padding-bottom: 50px !important;}&#8221;][vc_column width=&#8221;2\/3&#8243;]<h3 class=\"roch-headlin-secondary roch-tangerineb-fontS no-margin-bottom roch-headlin-secondary-69e37a6551c28 \">We deliver on correct time<\/h3><h2 class=\"roch-headlin-primary roch-oswaldr-fontS  no-margin-top  roch-headlin-primary-69e37a6551c35 \">Come &amp; Experience Our Best of World Class Cuisine<\/h2>[\/vc_column][vc_column width=&#8221;1\/3&#8243; text_alignment=&#8221;text-right&#8221;]<a class=\"roch-btn   roch-btn-69e37a6551c45 \" href=\"http:\/\/victorthemes.com\/themes\/rodich\/contact\/\" target=\"_blank\">How to Find Us<\/a>[\/vc_column][\/vc_row][vc_row css=&#8221;.vc_custom_123457{margin-bottom: 30px;}&#8221;][vc_column width=&#8221;1\/3&#8243;][vc_single_image image=&#8221;INSERT_IMAGE_ID_HERE1&#8243; img_size=&#8221;full&#8221;][\/vc_column][vc_column width=&#8221;2\/3&#8243;][vc_column_text]<\/p>\n<h3>Konsept Geli\u015ftirme &amp; Marka Dan\u0131\u015fmanl\u0131\u011f\u0131<\/h3>\n<p><strong>Restoran\u0131n\u0131za \u00f6zel konsept ve marka kimli\u011fi tasar\u0131m\u0131.<\/strong><\/p>\n<p>\u0130\u015fletmenizin hedef kitlesi ve lokasyonu do\u011frultusunda yarat\u0131c\u0131 konseptler geli\u015ftiriyoruz. Logo, men\u00fc tasar\u0131m\u0131 ve dekor \u00f6nerileriyle b\u00fct\u00fcnsel bir marka kimli\u011fi sunuyoruz. Konsept dan\u0131\u015fmanl\u0131\u011f\u0131m\u0131z, sahada uygulanabilir \u00e7\u00f6z\u00fcmler sa\u011flar.<\/p>\n<p>[\/vc_column_text][\/vc_column][\/vc_row][vc_row css=&#8221;.vc_custom_123458{margin-bottom: 30px;}&#8221;][vc_column width=&#8221;1\/3&#8243;][vc_single_image image=&#8221;INSERT_IMAGE_ID_HERE2&#8243; img_size=&#8221;full&#8221;][\/vc_column][vc_column width=&#8221;2\/3&#8243;][vc_column_text]<\/p>\n<h3>Men\u00fc Planlama &amp; Re\u00e7ete Geli\u015ftirme<\/h3>\n<p><strong>Lezzetli ve k\u00e2rl\u0131 men\u00fcler tasarl\u0131yoruz.<\/strong><\/p>\n<p>Yerel ve uluslararas\u0131 yiyecek trendlerini analiz ederek \u00f6zg\u00fcn men\u00fcler olu\u015fturuyoruz. Re\u00e7etelerin gramaj ve porsiyonlar\u0131n\u0131 standartla\u015ft\u0131r\u0131yor, sunum \u00f6nerileriyle tamaml\u0131yoruz. Men\u00fc planlamas\u0131nda maliyet analizi ile i\u015fletmenin k\u00e2r marj\u0131n\u0131 art\u0131r\u0131yoruz.<\/p>\n<p>[\/vc_column_text][\/vc_column][\/vc_row][vc_row css=&#8221;.vc_custom_123459{margin-bottom: 30px;}&#8221;][vc_column width=&#8221;1\/3&#8243;][vc_single_image image=&#8221;INSERT_IMAGE_ID_HERE3&#8243; img_size=&#8221;full&#8221;][\/vc_column][vc_column width=&#8221;2\/3&#8243;][vc_column_text]<\/p>\n<h3>Maliyet Analizi &amp; K\u00e2rl\u0131l\u0131k Optimizasyonu<\/h3>\n<p><strong>\u0130\u015fletmenizin k\u00e2rl\u0131l\u0131\u011f\u0131n\u0131 art\u0131r\u0131yoruz.<\/strong><\/p>\n<p>G\u0131da maliyetleri, personel giderleri ve genel i\u015fletme masraflar\u0131n\u0131 analiz ediyoruz. Stok y\u00f6netimi, sat\u0131n alma s\u00fcre\u00e7leri ve maliyet optimizasyonu ile verimlili\u011fi art\u0131r\u0131yoruz. \u0130\u015fletmenizin k\u0131sa ve uzun vadeli k\u00e2rl\u0131l\u0131\u011f\u0131n\u0131 maksimuma \u00e7\u0131karmay\u0131 hedefliyoruz.<\/p>\n<p>[\/vc_column_text][\/vc_column][\/vc_row][vc_row css=&#8221;.vc_custom_123460{margin-bottom: 30px;}&#8221;][vc_column width=&#8221;1\/3&#8243;][vc_single_image image=&#8221;INSERT_IMAGE_ID_HERE4&#8243; img_size=&#8221;full&#8221;][\/vc_column][vc_column width=&#8221;2\/3&#8243;][vc_column_text]<\/p>\n<h3>Ekip E\u011fitimi &amp; Operasyonel Rehberlik<\/h3>\n<p><strong>Personelinizi profesyonel seviyeye ta\u015f\u0131yoruz.<\/strong><\/p>\n<p>Mutfak ve servis personeline \u00f6zel e\u011fitim programlar\u0131 sunuyoruz. \u0130\u015fletme i\u00e7i g\u00f6rev tan\u0131mlar\u0131, hijyen ve g\u00fcvenlik protokolleri olu\u015fturuyoruz. Denetim \u00e7izelgeleri ve operasyonel rehberler ile her g\u00fcn\u00fcn sorunsuz ge\u00e7mesini sa\u011fl\u0131yoruz.<\/p>\n<p>[\/vc_column_text][\/vc_column][\/vc_row][vc_row css=&#8221;.vc_custom_123461{margin-bottom: 30px;}&#8221;][vc_column width=&#8221;1\/3&#8243;][vc_single_image image=&#8221;INSERT_IMAGE_ID_HERE5&#8243; img_size=&#8221;full&#8221;][\/vc_column][vc_column width=&#8221;2\/3&#8243;][vc_column_text]<\/p>\n<h3>Mutfak Kurulumu &amp; Ekipman Dan\u0131\u015fmanl\u0131\u011f\u0131<\/h3>\n<p><strong>Mutfak d\u00fczeninizi verimli ve i\u015flevsel tasarl\u0131yoruz.<\/strong><\/p>\n<p>Yeni kurulacak i\u015fletmeler i\u00e7in i\u015f ak\u0131\u015f\u0131na uygun mutfak yerle\u015fim planlar\u0131 olu\u015fturuyoruz. Do\u011fru ekipman se\u00e7imi ve yerle\u015fimi konusunda teknik dan\u0131\u015fmanl\u0131k sa\u011fl\u0131yoruz. 2D\/3D mutfak planlar\u0131 ile sahada kolay uygulanabilir bir kurulum sa\u011fl\u0131yoruz.<\/p>\n<p>[\/vc_column_text][\/vc_column][\/vc_row][vc_row css=&#8221;.vc_custom_123462{margin-bottom: 30px;}&#8221;][vc_column width=&#8221;1\/3&#8243;][vc_single_image image=&#8221;INSERT_IMAGE_ID_HERE6&#8243; img_size=&#8221;full&#8221;][\/vc_column][vc_column width=&#8221;2\/3&#8243;][vc_column_text]<\/p>\n<h3>S\u00fcre\u00e7 Dok\u00fcmantasyonu &amp; Denetim Sistemleri<\/h3>\n<p><strong>\u0130\u015fletmenizi standartlarla g\u00fcvence alt\u0131na al\u0131yoruz.<\/strong><\/p>\n<p>\u0130\u015fletme i\u00e7i kurallar, i\u00e7 y\u00f6netmelikler, temizlik kontrol listeleri ve denetim tablolar\u0131 haz\u0131rl\u0131yoruz. Malta ve Avrupa g\u0131da g\u00fcvenli\u011fi mevzuat\u0131na uygun belgeler ile \u00e7al\u0131\u015f\u0131yoruz. Denetim ve raporlama sistemleri ile uzun vadeli kalite sa\u011flan\u0131r.<\/p>\n<p>[\/vc_column_text][\/vc_column][\/vc_row]<\/p>\n<\/div>","protected":false},"excerpt":{"rendered":"[vc_row overlay_dotted=&#8221;&#8221; css=&#8221;.vc_custom_1495374383781{padding-top: 60px !important;padding-bottom: 50px !important;}&#8221;][vc_column width=&#8221;1\/3&#8243; text_alignment=&#8221;text-center&#8221;][\/vc_column][vc_column width=&#8221;1\/3&#8243; text_alignment=&#8221;text-center&#8221;][\/vc_column][vc_column width=&#8221;1\/3&#8243; text_alignment=&#8221;text-center&#8221;][\/vc_column][\/vc_row][vc_row full_width=&#8221;stretch_row&#8221; parallax=&#8221;content-moving&#8221; parallax_speed_bg=&#8221;5&#8243; overlay_dotted=&#8221;&#8221; css=&#8221;.vc_custom_1498802483869{padding-top: 150px !important;padding-bottom: 160px !important;background-image: url(http:\/\/victorthemes.com\/themes\/rodich\/wp-content\/uploads\/2017\/07\/fg-2.jpg?id=766) !important;}&#8221; overlay_color=&#8221;rgba(0,0,0,0.3)&#8221;][vc_column text_alignment=&#8221;text-center&#8221;][\/vc_column][\/vc_row][vc_row overlay_dotted=&#8221;&#8221; css=&#8221;.vc_custom_1495374787967{padding-top: 60px !important;padding-bottom: 20px !important;}&#8221;][vc_column width=&#8221;1\/4&#8243;][\/vc_column][vc_column width=&#8221;1\/4&#8243;][\/vc_column][vc_column width=&#8221;1\/4&#8243;][\/vc_column][vc_column width=&#8221;1\/4&#8243;][\/vc_column][\/vc_row][vc_row overlay_dotted=&#8221;&#8221; css=&#8221;.vc_custom_1495374802063{padding-top: 20px !important;padding-bottom: 60px !important;}&#8221;][vc_column width=&#8221;1\/4&#8243;][\/vc_column][vc_column width=&#8221;1\/4&#8243;][\/vc_column][vc_column width=&#8221;1\/4&#8243;][\/vc_column][vc_column width=&#8221;1\/4&#8243;][\/vc_column][\/vc_row][vc_row equal_height=&#8221;yes&#8221; content_placement=&#8221;middle&#8221; overlay_dotted=&#8221;&#8221; css=&#8221;.vc_custom_1495381607494{padding-top: 50px !important;padding-bottom: 50px !important;}&#8221;][vc_column width=&#8221;2\/3&#8243;][\/vc_column][vc_column[&#8230;]","protected":false},"author":1,"featured_media":0,"parent":0,"menu_order":0,"comment_status":"closed","ping_status":"closed","template":"","meta":{"footnotes":""},"class_list":["post-144","page","type-page","status-publish","hentry"],"_hostinger_reach_plugin_has_subscription_block":false,"_hostinger_reach_plugin_is_elementor":false,"_links":{"self":[{"href":"https:\/\/gastrolinemt.com\/index.php?rest_route=\/wp\/v2\/pages\/144","targetHints":{"allow":["GET"]}}],"collection":[{"href":"https:\/\/gastrolinemt.com\/index.php?rest_route=\/wp\/v2\/pages"}],"about":[{"href":"https:\/\/gastrolinemt.com\/index.php?rest_route=\/wp\/v2\/types\/page"}],"author":[{"embeddable":true,"href":"https:\/\/gastrolinemt.com\/index.php?rest_route=\/wp\/v2\/users\/1"}],"replies":[{"embeddable":true,"href":"https:\/\/gastrolinemt.com\/index.php?rest_route=%2Fwp%2Fv2%2Fcomments&post=144"}],"version-history":[{"count":3,"href":"https:\/\/gastrolinemt.com\/index.php?rest_route=\/wp\/v2\/pages\/144\/revisions"}],"predecessor-version":[{"id":1245,"href":"https:\/\/gastrolinemt.com\/index.php?rest_route=\/wp\/v2\/pages\/144\/revisions\/1245"}],"wp:attachment":[{"href":"https:\/\/gastrolinemt.com\/index.php?rest_route=%2Fwp%2Fv2%2Fmedia&parent=144"}],"curies":[{"name":"wp","href":"https:\/\/api.w.org\/{rel}","templated":true}]}}