{"id":1295,"date":"2025-11-13T17:42:22","date_gmt":"2025-11-13T17:42:22","guid":{"rendered":"https:\/\/coral-llama-768060.hostingersite.com\/?page_id=1295"},"modified":"2025-11-14T10:36:23","modified_gmt":"2025-11-14T10:36:23","slug":"referanslar","status":"publish","type":"page","link":"https:\/\/gastrolinemt.com\/?page_id=1295","title":{"rendered":"Referanslar"},"content":{"rendered":"<div class=\"wpb-content-wrapper\"><p>[vc_row full_width=&#8221;stretch_row&#8221; overlay_dotted=&#8221;&#8221; css=&#8221;.vc_custom_1763116540519{padding-top: 2rem !important;padding-bottom: 50px !important;background-color: #F9F9F9 !important;}&#8221;][vc_column text_alignment=&#8221;text-center&#8221;][vc_custom_heading text=&#8221;\u0130\u015f Birli\u011fi Yapt\u0131\u011f\u0131m\u0131z Markalar&#8221; font_container=&#8221;tag:h2|text_align:center|color:%23DD9933&#8243; use_theme_fonts=&#8221;yes&#8221; css=&#8221;.vc_custom_1763113452278{padding-bottom: 2rem !important;}&#8221;][vc_images_carousel images=&#8221;1302,1303,1304&#8243; img_size=&#8221;600&#215;400&#8243; slides_per_view=&#8221;3&#8243; autoplay=&#8221;yes&#8221; hide_pagination_control=&#8221;yes&#8221; css=&#8221;&#8221; el_class=&#8221;logo-sutun-ortala&#8221;][\/vc_column][\/vc_row][vc_row overlay_dotted=&#8221;&#8221; css=&#8221;.vc_custom_1763059198297{padding-bottom: 3rem !important;}&#8221;][vc_column width=&#8221;1\/3&#8243; css=&#8221;.vc_custom_1763055024767{border-top-width: 1px !important;border-right-width: 1px !important;border-bottom-width: 1px !important;border-left-width: 1px !important;border-radius: 10px !important;border-color: #E0E0E0 !important;}&#8221;][vc_single_image image=&#8221;1255&#8243; img_size=&#8221;full&#8221; style=&#8221;vc_box_rounded&#8221; css=&#8221;&#8221;][vc_column_text css=&#8221;.vc_custom_1763055676046{padding-top: 25px !important;padding-right: 25px !important;padding-bottom: 25px !important;padding-left: 25px !important;}&#8221;]<\/p>\n<h3>Marina Restaurant, Malta<\/h3>\n<p><strong><i>&#8220;Gastroline ekibi sayesinde&#8230;&#8221;<\/i><\/strong><\/p>\n<p><strong>Ahmet Y\u0131lmaz<\/strong> \/ \u0130\u015fletme Sahibi<\/p>\n<p><span class=\"gastro-tag\">Maliyet Analizi<\/span><br \/>\n<span class=\"gastro-tag\">Konsept Geli\u015ftirme<\/span>[\/vc_column_text][\/vc_column][vc_column width=&#8221;1\/3&#8243; css=&#8221;.vc_custom_1763055024767{border-top-width: 1px !important;border-right-width: 1px !important;border-bottom-width: 1px !important;border-left-width: 1px !important;border-radius: 10px !important;border-color: #E0E0E0 !important;}&#8221;][vc_single_image image=&#8221;1255&#8243; img_size=&#8221;full&#8221; style=&#8221;vc_box_rounded&#8221; css=&#8221;&#8221;][vc_column_text css=&#8221;.vc_custom_1763055676046{padding-top: 25px !important;padding-right: 25px !important;padding-bottom: 25px !important;padding-left: 25px !important;}&#8221;]<\/p>\n<h3>Marina Restaurant, Malta<\/h3>\n<p><strong><i>&#8220;Gastroline ekibi sayesinde&#8230;&#8221;<\/i><\/strong><\/p>\n<p><strong>Ahmet Y\u0131lmaz<\/strong> \/ \u0130\u015fletme Sahibi<\/p>\n<p><span class=\"gastro-tag\">Maliyet Analizi<\/span><br \/>\n<span class=\"gastro-tag\">Konsept Geli\u015ftirme<\/span>[\/vc_column_text][\/vc_column][vc_column width=&#8221;1\/3&#8243; css=&#8221;.vc_custom_1763055024767{border-top-width: 1px !important;border-right-width: 1px !important;border-bottom-width: 1px !important;border-left-width: 1px !important;border-radius: 10px !important;border-color: #E0E0E0 !important;}&#8221;][vc_single_image image=&#8221;1255&#8243; img_size=&#8221;full&#8221; style=&#8221;vc_box_rounded&#8221; css=&#8221;&#8221;][vc_column_text css=&#8221;.vc_custom_1763055676046{padding-top: 25px !important;padding-right: 25px !important;padding-bottom: 25px !important;padding-left: 25px !important;}&#8221;]<\/p>\n<h3>Marina Restaurant, Malta<\/h3>\n<p><strong><i>&#8220;Gastroline ekibi sayesinde&#8230;&#8221;<\/i><\/strong><\/p>\n<p><strong>Ahmet Y\u0131lmaz<\/strong> \/ \u0130\u015fletme Sahibi<\/p>\n<p><span class=\"gastro-tag\">Maliyet Analizi<\/span><br \/>\n<span class=\"gastro-tag\">Konsept Geli\u015ftirme<\/span>[\/vc_column_text][\/vc_column][\/vc_row][vc_row full_width=&#8221;stretch_row&#8221; overlay_dotted=&#8221;&#8221; css=&#8221;.vc_custom_1763060185186{border-bottom-width: 2rem !important;padding-top: 2rem !important;background-color: #252E3D !important;}&#8221;][vc_column][vc_custom_heading text=&#8221;Sizin Ba\u015far\u0131 Hikayenizi de Birlikte Yazal\u0131m.&#8221; font_container=&#8221;tag:h2|text_align:center|color:%23FFFFFF&#8221; use_theme_fonts=&#8221;yes&#8221; css=&#8221;&#8221;][vc_column_text css=&#8221;&#8221;]<\/p>\n<p style=\"text-align: center; color: white;\">\u0130\u015fletmenizi bir sonraki seviyeye ta\u015f\u0131mak i\u00e7in&#8230;<\/p>\n<p>[\/vc_column_text][vc_btn title=&#8221;\u0130LET\u0130\u015e\u0130ME GE\u00c7\u0130N&#8221; color=&#8221;sandy-brown&#8221; align=&#8221;center&#8221; css=&#8221;.vc_custom_1763116578250{padding-top: 1rem !important;}&#8221;][\/vc_column][\/vc_row]<\/p>\n<\/div>","protected":false},"excerpt":{"rendered":"[vc_row full_width=&#8221;stretch_row&#8221; overlay_dotted=&#8221;&#8221; css=&#8221;.vc_custom_1763116540519{padding-top: 2rem !important;padding-bottom: 50px !important;background-color: #F9F9F9 !important;}&#8221;][vc_column text_alignment=&#8221;text-center&#8221;][vc_custom_heading text=&#8221;\u0130\u015f Birli\u011fi Yapt\u0131\u011f\u0131m\u0131z Markalar&#8221; font_container=&#8221;tag:h2|text_align:center|color:%23DD9933&#8243; use_theme_fonts=&#8221;yes&#8221; css=&#8221;.vc_custom_1763113452278{padding-bottom: 2rem !important;}&#8221;][vc_images_carousel images=&#8221;1302,1303,1304&#8243; img_size=&#8221;600&#215;400&#8243; slides_per_view=&#8221;3&#8243; autoplay=&#8221;yes&#8221; hide_pagination_control=&#8221;yes&#8221; css=&#8221;&#8221; el_class=&#8221;logo-sutun-ortala&#8221;][\/vc_column][\/vc_row][vc_row overlay_dotted=&#8221;&#8221; css=&#8221;.vc_custom_1763059198297{padding-bottom: 3rem !important;}&#8221;][vc_column width=&#8221;1\/3&#8243; css=&#8221;.vc_custom_1763055024767{border-top-width: 1px !important;border-right-width: 1px !important;border-bottom-width: 1px !important;border-left-width: 1px !important;border-radius: 10px !important;border-color: #E0E0E0 !important;}&#8221;][vc_single_image image=&#8221;1255&#8243; img_size=&#8221;full&#8221; style=&#8221;vc_box_rounded&#8221; css=&#8221;&#8221;][vc_column_text css=&#8221;.vc_custom_1763055676046{padding-top: 25px !important;padding-right: 25px !important;padding-bottom: 25px[&#8230;]","protected":false},"author":1,"featured_media":0,"parent":0,"menu_order":0,"comment_status":"closed","ping_status":"closed","template":"","meta":{"footnotes":""},"class_list":["post-1295","page","type-page","status-publish","hentry"],"_hostinger_reach_plugin_has_subscription_block":false,"_hostinger_reach_plugin_is_elementor":false,"_links":{"self":[{"href":"https:\/\/gastrolinemt.com\/index.php?rest_route=\/wp\/v2\/pages\/1295","targetHints":{"allow":["GET"]}}],"collection":[{"href":"https:\/\/gastrolinemt.com\/index.php?rest_route=\/wp\/v2\/pages"}],"about":[{"href":"https:\/\/gastrolinemt.com\/index.php?rest_route=\/wp\/v2\/types\/page"}],"author":[{"embeddable":true,"href":"https:\/\/gastrolinemt.com\/index.php?rest_route=\/wp\/v2\/users\/1"}],"replies":[{"embeddable":true,"href":"https:\/\/gastrolinemt.com\/index.php?rest_route=%2Fwp%2Fv2%2Fcomments&post=1295"}],"version-history":[{"count":15,"href":"https:\/\/gastrolinemt.com\/index.php?rest_route=\/wp\/v2\/pages\/1295\/revisions"}],"predecessor-version":[{"id":1320,"href":"https:\/\/gastrolinemt.com\/index.php?rest_route=\/wp\/v2\/pages\/1295\/revisions\/1320"}],"wp:attachment":[{"href":"https:\/\/gastrolinemt.com\/index.php?rest_route=%2Fwp%2Fv2%2Fmedia&parent=1295"}],"curies":[{"name":"wp","href":"https:\/\/api.w.org\/{rel}","templated":true}]}}