{"id":1247,"date":"2025-11-03T11:22:09","date_gmt":"2025-11-03T11:22:09","guid":{"rendered":"https:\/\/coral-llama-768060.hostingersite.com\/?page_id=1247"},"modified":"2025-11-14T09:39:25","modified_gmt":"2025-11-14T09:39:25","slug":"hizmetler","status":"publish","type":"page","link":"https:\/\/gastrolinemt.com\/?page_id=1247","title":{"rendered":"Hizmetler"},"content":{"rendered":"<div class=\"wpb-content-wrapper\"><p>[vc_row full_width=&#8221;stretch_row&#8221; overlay_dotted=&#8221;&#8221; css=&#8221;.vc_custom_1762171921584{padding-top: 80px !important;padding-bottom: 50px !important;background: #f8f9fa url(https:\/\/gastrolinemt.com\/wp-content\/uploads\/2025\/11\/services-scaled.jpg?id=1259) !important;}&#8221;][vc_column][vc_custom_heading text=&#8221;Hizmetlerimiz&#8221; font_container=&#8221;tag:h1|font_size:48px|text_align:center|color:%23333333|line_height:1.2&#8243; use_theme_fonts=&#8221;yes&#8221; css=&#8221;.vc_custom_1620000002{margin-bottom: 20px !important;}&#8221;][vc_column_text css=&#8221;.vc_custom_1762171941840{margin-bottom: 60px !important;}&#8221;]<\/p>\n<p style=\"text-align: center; font-size: 18px; color: #fff; max-width: 800px; margin: 0 auto;\">Restoran\u0131n\u0131z\u0131 ba\u015far\u0131ya ta\u015f\u0131yacak profesyonel dan\u0131\u015fmanl\u0131k hizmetlerimizle tan\u0131\u015f\u0131n.<\/p>\n<p>[\/vc_column_text][\/vc_column][\/vc_row][vc_row full_width=&#8221;stretch_row&#8221; css=&#8221;.vc_custom_1620000010{padding-top: 60px !important;padding-bottom: 60px !important;background-color: #ffffff !important;}&#8221;][vc_column width=&#8221;1\/2&#8243; css=&#8221;.vc_custom_1620000011{padding-right: 40px !important;}&#8221;][vc_single_image image=&#8221;1250&#8243; img_size=&#8221;full&#8221; alignment=&#8221;center&#8221; style=&#8221;vc_box_shadow&#8221; css=&#8221;.vc_custom_1762175822921{border-radius: 10px !important;}&#8221;][\/vc_column][vc_column width=&#8221;1\/2&#8243; css=&#8221;.vc_custom_1620000013{padding-left: 40px !important;}&#8221;][vc_custom_heading text=&#8221;1. Konsept Geli\u015ftirme &amp; Marka Dan\u0131\u015fmanl\u0131\u011f\u0131&#8221; font_container=&#8221;tag:h2|font_size:32px|text_align:left|color:%23333333|line_height:1.3&#8243; use_theme_fonts=&#8221;yes&#8221; css=&#8221;.vc_custom_1620000014{margin-bottom: 15px !important;}&#8221;][vc_custom_heading text=&#8221;Restoran\u0131n\u0131za \u00f6zel konsept ve marka kimli\u011fi tasar\u0131m\u0131.&#8221; font_container=&#8221;tag:h4|font_size:18px|text_align:left|color:%23e74c3c|line_height:1.4&#8243; use_theme_fonts=&#8221;yes&#8221; css=&#8221;.vc_custom_1620000015{margin-bottom: 25px !important;font-weight: 600 !important;}&#8221;][vc_column_text css=&#8221;.vc_custom_1762175775140{margin-bottom: 15px !important;}&#8221;]<\/p>\n<ul style=\"list-style: none; padding: 0; margin: 0;\">\n<li style=\"list-style-type: none;\">\n<ul style=\"list-style: none; padding: 0; margin: 0;\">\n<li style=\"padding: 12px 0; padding-left: 30px; position: relative; font-size: 16px; line-height: 1.7; color: #555;\"><i class=\"fa fa-check-circle\" style=\"position: absolute; left: 0; top: 15px; color: #e74c3c; font-size: 18px;\"><\/i>\u0130\u015fletmenizin hedef kitlesi ve lokasyonu do\u011frultusunda yarat\u0131c\u0131 konseptler geli\u015ftiriyoruz.<\/li>\n<\/ul>\n<\/li>\n<\/ul>\n<ul style=\"list-style: none; padding: 0; margin: 0;\">\n<li style=\"padding: 12px 0; padding-left: 30px; position: relative; font-size: 16px; line-height: 1.7; color: #555;\"><i class=\"fa fa-check-circle\" style=\"position: absolute; left: 0; top: 15px; color: #e74c3c; font-size: 18px;\"><\/i>Logo, men\u00fc tasar\u0131m\u0131 ve dekor \u00f6nerileriyle b\u00fct\u00fcnsel bir marka kimli\u011fi sunuyoruz.<\/li>\n<li style=\"padding: 12px 0; padding-left: 30px; position: relative; font-size: 16px; line-height: 1.7; color: #555;\"><i class=\"fa fa-check-circle\" style=\"position: absolute; left: 0; top: 15px; color: #e74c3c; font-size: 18px;\"><\/i>Konsept dan\u0131\u015fmanl\u0131\u011f\u0131m\u0131z, yaln\u0131zca fikir de\u011fil; sahada uygulanabilir \u00e7\u00f6z\u00fcmler sa\u011flar.<\/li>\n<li style=\"padding: 12px 0; padding-left: 30px; position: relative; font-size: 16px; line-height: 1.7; color: #555;\"><i class=\"fa fa-check-circle\" style=\"position: absolute; left: 0; top: 15px; color: #e74c3c; font-size: 18px;\"><\/i>Hedefimiz, hem g\u00f6rsel hem deneyimsel olarak m\u00fc\u015fteriye unutulmaz bir restoran deneyimi sunmak.<\/li>\n<\/ul>\n<p>[\/vc_column_text][\/vc_column][\/vc_row][vc_row full_width=&#8221;stretch_row&#8221; css=&#8221;.vc_custom_1620000020{padding-top: 60px !important;padding-bottom: 60px !important;background-color: #f8f9fa !important;}&#8221;][vc_column width=&#8221;1\/2&#8243; css=&#8221;.vc_custom_1620000021{padding-right: 40px !important;}&#8221;][vc_custom_heading text=&#8221;2. Men\u00fc Planlama &amp; Re\u00e7ete Geli\u015ftirme&#8221; font_container=&#8221;tag:h2|font_size:32px|text_align:left|color:%23333333|line_height:1.3&#8243; use_theme_fonts=&#8221;yes&#8221; css=&#8221;.vc_custom_1620000022{margin-bottom: 15px !important;}&#8221;][vc_custom_heading text=&#8221;Lezzetli ve k\u00e2rl\u0131 men\u00fcler tasarl\u0131yoruz.&#8221; font_container=&#8221;tag:h4|font_size:18px|text_align:left|color:%23e74c3c|line_height:1.4&#8243; use_theme_fonts=&#8221;yes&#8221; css=&#8221;.vc_custom_1620000023{margin-bottom: 25px !important;font-weight: 600 !important;}&#8221;][vc_column_text css=&#8221;.vc_custom_1762175787302{margin-bottom: 15px !important;}&#8221;]<\/p>\n<ul style=\"list-style: none; padding: 0; margin: 0;\">\n<li style=\"padding: 12px 0; padding-left: 30px; position: relative; font-size: 16px; line-height: 1.7; color: #555;\"><i class=\"fa fa-check-circle\" style=\"position: absolute; left: 0; top: 15px; color: #e74c3c; font-size: 18px;\"><\/i>Yerel ve uluslararas\u0131 yiyecek trendlerini analiz ederek \u00f6zg\u00fcn men\u00fcler olu\u015fturuyoruz.<\/li>\n<li style=\"padding: 12px 0; padding-left: 30px; position: relative; font-size: 16px; line-height: 1.7; color: #555;\"><i class=\"fa fa-check-circle\" style=\"position: absolute; left: 0; top: 15px; color: #e74c3c; font-size: 18px;\"><\/i>Re\u00e7etelerin gramaj ve porsiyonlar\u0131n\u0131 standartla\u015ft\u0131r\u0131yor, sunum \u00f6nerileriyle tamaml\u0131yoruz.<\/li>\n<li style=\"padding: 12px 0; padding-left: 30px; position: relative; font-size: 16px; line-height: 1.7; color: #555;\"><i class=\"fa fa-check-circle\" style=\"position: absolute; left: 0; top: 15px; color: #e74c3c; font-size: 18px;\"><\/i>Men\u00fc planlamas\u0131nda maliyet analizi de yaparak i\u015fletmenin k\u00e2r marj\u0131n\u0131 art\u0131r\u0131yoruz.<\/li>\n<li style=\"padding: 12px 0; padding-left: 30px; position: relative; font-size: 16px; line-height: 1.7; color: #555;\"><i class=\"fa fa-check-circle\" style=\"position: absolute; left: 0; top: 15px; color: #e74c3c; font-size: 18px;\"><\/i>Hem \u015fefler hem i\u015fletme sahipleri i\u00e7in uygulanabilir ve pratik bir sistem sunuyoruz.<\/li>\n<\/ul>\n<p>[\/vc_column_text][\/vc_column][vc_column width=&#8221;1\/2&#8243; css=&#8221;.vc_custom_1620000025{padding-left: 40px !important;}&#8221;][vc_single_image image=&#8221;1253&#8243; img_size=&#8221;full&#8221; alignment=&#8221;center&#8221; style=&#8221;vc_box_shadow&#8221; css=&#8221;.vc_custom_1762175827702{border-radius: 10px !important;}&#8221;][\/vc_column][\/vc_row][vc_row full_width=&#8221;stretch_row&#8221; css=&#8221;.vc_custom_1620000030{padding-top: 60px !important;padding-bottom: 60px !important;background-color: #ffffff !important;}&#8221;][vc_column width=&#8221;1\/2&#8243; css=&#8221;.vc_custom_1620000031{padding-right: 40px !important;}&#8221;][vc_single_image image=&#8221;1254&#8243; img_size=&#8221;full&#8221; alignment=&#8221;center&#8221; style=&#8221;vc_box_shadow&#8221; css=&#8221;.vc_custom_1762175831484{border-radius: 10px !important;}&#8221;][\/vc_column][vc_column width=&#8221;1\/2&#8243; css=&#8221;.vc_custom_1620000033{padding-left: 40px !important;}&#8221;][vc_custom_heading text=&#8221;3. Maliyet Analizi &amp; K\u00e2rl\u0131l\u0131k Optimizasyonu&#8221; font_container=&#8221;tag:h2|font_size:32px|text_align:left|color:%23333333|line_height:1.3&#8243; use_theme_fonts=&#8221;yes&#8221; css=&#8221;.vc_custom_1620000034{margin-bottom: 15px !important;}&#8221;][vc_custom_heading text=&#8221;\u0130\u015fletmenizin k\u00e2rl\u0131l\u0131\u011f\u0131n\u0131 art\u0131r\u0131yoruz.&#8221; font_container=&#8221;tag:h4|font_size:18px|text_align:left|color:%23e74c3c|line_height:1.4&#8243; use_theme_fonts=&#8221;yes&#8221; css=&#8221;.vc_custom_1620000035{margin-bottom: 25px !important;font-weight: 600 !important;}&#8221;][vc_column_text css=&#8221;.vc_custom_1762175802181{margin-bottom: 15px !important;}&#8221;]<\/p>\n<ul style=\"list-style: none; padding: 0; margin: 0;\">\n<li style=\"padding: 12px 0; padding-left: 30px; position: relative; font-size: 16px; line-height: 1.7; color: #555;\"><i class=\"fa fa-check-circle\" style=\"position: absolute; left: 0; top: 15px; color: #e74c3c; font-size: 18px;\"><\/i>G\u0131da maliyetleri, personel giderleri ve genel i\u015fletme masraflar\u0131n\u0131 analiz ediyoruz.<\/li>\n<li style=\"padding: 12px 0; padding-left: 30px; position: relative; font-size: 16px; line-height: 1.7; color: #555;\"><i class=\"fa fa-check-circle\" style=\"position: absolute; left: 0; top: 15px; color: #e74c3c; font-size: 18px;\"><\/i>Stok y\u00f6netimi, sat\u0131n alma s\u00fcre\u00e7leri ve maliyet optimizasyonu ile verimlili\u011fi art\u0131r\u0131yoruz.<\/li>\n<li style=\"padding: 12px 0; padding-left: 30px; position: relative; font-size: 16px; line-height: 1.7; color: #555;\"><i class=\"fa fa-check-circle\" style=\"position: absolute; left: 0; top: 15px; color: #e74c3c; font-size: 18px;\"><\/i>\u0130\u015fletmenizin k\u0131sa ve uzun vadeli k\u00e2rl\u0131l\u0131\u011f\u0131n\u0131 maksimuma \u00e7\u0131karmay\u0131 hedefliyoruz.<\/li>\n<\/ul>\n<p>[\/vc_column_text][\/vc_column][\/vc_row][vc_row full_width=&#8221;stretch_row&#8221; css=&#8221;.vc_custom_1620000040{padding-top: 60px !important;padding-bottom: 60px !important;background-color: #f8f9fa !important;}&#8221;][vc_column width=&#8221;1\/2&#8243; css=&#8221;.vc_custom_1620000041{padding-right: 40px !important;}&#8221;][vc_custom_heading text=&#8221;4. Ekip E\u011fitimi &amp; Operasyonel Rehberlik&#8221; font_container=&#8221;tag:h2|font_size:32px|text_align:left|color:%23333333|line_height:1.3&#8243; use_theme_fonts=&#8221;yes&#8221; css=&#8221;.vc_custom_1620000042{margin-bottom: 15px !important;}&#8221;][vc_custom_heading text=&#8221;Personelinizi profesyonel seviyeye ta\u015f\u0131yoruz.&#8221; font_container=&#8221;tag:h4|font_size:18px|text_align:left|color:%23e74c3c|line_height:1.4&#8243; use_theme_fonts=&#8221;yes&#8221; css=&#8221;.vc_custom_1620000043{margin-bottom: 25px !important;font-weight: 600 !important;}&#8221;][vc_column_text css=&#8221;.vc_custom_1762175810427{margin-bottom: 15px !important;}&#8221;]<\/p>\n<ul style=\"list-style: none; padding: 0; margin: 0;\">\n<li style=\"padding: 12px 0; padding-left: 30px; position: relative; font-size: 16px; line-height: 1.7; color: #555;\"><i class=\"fa fa-check-circle\" style=\"position: absolute; left: 0; top: 15px; color: #e74c3c; font-size: 18px;\"><\/i>Mutfak ve servis personeline \u00f6zel e\u011fitim programlar\u0131 sunuyoruz.<\/li>\n<li style=\"padding: 12px 0; padding-left: 30px; position: relative; font-size: 16px; line-height: 1.7; color: #555;\"><i class=\"fa fa-check-circle\" style=\"position: absolute; left: 0; top: 15px; color: #e74c3c; font-size: 18px;\"><\/i>\u0130\u015fletme i\u00e7i g\u00f6rev tan\u0131mlar\u0131, hijyen ve g\u00fcvenlik protokolleri olu\u015fturuyoruz.<\/li>\n<li style=\"padding: 12px 0; padding-left: 30px; position: relative; font-size: 16px; line-height: 1.7; color: #555;\"><i class=\"fa fa-check-circle\" style=\"position: absolute; left: 0; top: 15px; color: #e74c3c; font-size: 18px;\"><\/i>Denetim \u00e7izelgeleri ve operasyonel rehberler ile her g\u00fcn\u00fcn sorunsuz ge\u00e7mesini sa\u011fl\u0131yoruz.<\/li>\n<li style=\"padding: 12px 0; padding-left: 30px; position: relative; font-size: 16px; line-height: 1.7; color: #555;\"><i class=\"fa fa-check-circle\" style=\"position: absolute; left: 0; top: 15px; color: #e74c3c; font-size: 18px;\"><\/i>E\u011fitimlerimiz hem teorik hem pratik odakl\u0131d\u0131r.<\/li>\n<\/ul>\n<p>[\/vc_column_text][\/vc_column][vc_column width=&#8221;1\/2&#8243; css=&#8221;.vc_custom_1620000045{padding-left: 40px !important;}&#8221;][vc_single_image image=&#8221;1255&#8243; img_size=&#8221;full&#8221; alignment=&#8221;center&#8221; style=&#8221;vc_box_shadow&#8221; css=&#8221;.vc_custom_1762175840897{border-radius: 10px !important;}&#8221;][\/vc_column][\/vc_row][vc_row full_width=&#8221;stretch_row&#8221; css=&#8221;.vc_custom_1620000050{padding-top: 60px !important;padding-bottom: 60px !important;background-color: #ffffff !important;}&#8221;][vc_column width=&#8221;1\/2&#8243; css=&#8221;.vc_custom_1620000051{padding-right: 40px !important;}&#8221;][vc_single_image image=&#8221;1256&#8243; img_size=&#8221;1000&#215;800&#8243; alignment=&#8221;center&#8221; style=&#8221;vc_box_shadow&#8221; css=&#8221;.vc_custom_1762175888302{border-radius: 10px !important;}&#8221;][\/vc_column][vc_column width=&#8221;1\/2&#8243; css=&#8221;.vc_custom_1620000053{padding-left: 40px !important;}&#8221;][vc_custom_heading text=&#8221;5. Mutfak Kurulumu &amp; Ekipman Dan\u0131\u015fmanl\u0131\u011f\u0131&#8221; font_container=&#8221;tag:h2|font_size:32px|text_align:left|color:%23333333|line_height:1.3&#8243; use_theme_fonts=&#8221;yes&#8221; css=&#8221;.vc_custom_1620000054{margin-bottom: 15px !important;}&#8221;][vc_custom_heading text=&#8221;Mutfak d\u00fczeninizi verimli ve i\u015flevsel tasarl\u0131yoruz.&#8221; font_container=&#8221;tag:h4|font_size:18px|text_align:left|color:%23e74c3c|line_height:1.4&#8243; use_theme_fonts=&#8221;yes&#8221; css=&#8221;.vc_custom_1620000055{margin-bottom: 25px !important;font-weight: 600 !important;}&#8221;][vc_column_text css=&#8221;.vc_custom_1620000056{margin-bottom: 15px !important;}&#8221;]<\/p>\n<ul style=\"list-style: none; padding: 0; margin: 0;\">\n<li style=\"padding: 12px 0; padding-left: 30px; position: relative; font-size: 16px; line-height: 1.7; color: #555;\"><i class=\"fa fa-check-circle\" style=\"position: absolute; left: 0; top: 15px; color: #e74c3c; font-size: 18px;\"><\/i><br \/>\nYeni kurulacak i\u015fletmeler i\u00e7in i\u015f ak\u0131\u015f\u0131na uygun mutfak yerle\u015fim planlar\u0131 olu\u015fturuyoruz.<\/li>\n<li style=\"padding: 12px 0; padding-left: 30px; position: relative; font-size: 16px; line-height: 1.7; color: #555;\"><i class=\"fa fa-check-circle\" style=\"position: absolute; left: 0; top: 15px; color: #e74c3c; font-size: 18px;\"><\/i><br \/>\nDo\u011fru ekipman se\u00e7imi ve yerle\u015fimi konusunda teknik dan\u0131\u015fmanl\u0131k sa\u011fl\u0131yoruz.<\/li>\n<li style=\"padding: 12px 0; padding-left: 30px; position: relative; font-size: 16px; line-height: 1.7; color: #555;\"><i class=\"fa fa-check-circle\" style=\"position: absolute; left: 0; top: 15px; color: #e74c3c; font-size: 18px;\"><\/i><br \/>\n2D\/3D mutfak planlar\u0131 ile sahada kolay uygulanabilir bir kurulum sa\u011fl\u0131yoruz.<\/li>\n<li style=\"padding: 12px 0; padding-left: 30px; position: relative; font-size: 16px; line-height: 1.7; color: #555;\"><i class=\"fa fa-check-circle\" style=\"position: absolute; left: 0; top: 15px; color: #e74c3c; font-size: 18px;\"><\/i><br \/>\nAmac\u0131m\u0131z, hem verimli hem g\u00fcvenli bir mutfak tasar\u0131m\u0131 sunmak.<\/li>\n<\/ul>\n<p>[\/vc_column_text][\/vc_column][\/vc_row][vc_row full_width=&#8221;stretch_row&#8221; css=&#8221;.vc_custom_1620000060{padding-top: 60px !important;padding-bottom: 60px !important;background-color: #f8f9fa !important;}&#8221;][vc_column width=&#8221;1\/2&#8243; css=&#8221;.vc_custom_1620000061{padding-right: 40px !important;}&#8221;][vc_custom_heading text=&#8221;6. S\u00fcre\u00e7 Dok\u00fcmantasyonu &amp; Denetim Sistemleri&#8221; font_container=&#8221;tag:h2|font_size:32px|text_align:left|color:%23333333|line_height:1.3&#8243; use_theme_fonts=&#8221;yes&#8221; css=&#8221;.vc_custom_1620000062{margin-bottom: 15px !important;}&#8221;][vc_custom_heading text=&#8221;\u0130\u015fletmenizi standartlarla g\u00fcvence alt\u0131na al\u0131yoruz.&#8221; font_container=&#8221;tag:h4|font_size:18px|text_align:left|color:%23e74c3c|line_height:1.4&#8243; use_theme_fonts=&#8221;yes&#8221; css=&#8221;.vc_custom_1620000063{margin-bottom: 25px !important;font-weight: 600 !important;}&#8221;][vc_column_text css=&#8221;.vc_custom_1620000064{margin-bottom: 15px !important;}&#8221;]<\/p>\n<ul style=\"list-style: none; padding: 0; margin: 0;\">\n<li style=\"padding: 12px 0; padding-left: 30px; position: relative; font-size: 16px; line-height: 1.7; color: #555;\"><i class=\"fa fa-check-circle\" style=\"position: absolute; left: 0; top: 15px; color: #e74c3c; font-size: 18px;\"><\/i><br \/>\n\u0130\u015fletme i\u00e7i kurallar, i\u00e7 y\u00f6netmelikler, temizlik kontrol listeleri ve denetim tablolar\u0131 haz\u0131rl\u0131yoruz.<\/li>\n<li style=\"padding: 12px 0; padding-left: 30px; position: relative; font-size: 16px; line-height: 1.7; color: #555;\"><i class=\"fa fa-check-circle\" style=\"position: absolute; left: 0; top: 15px; color: #e74c3c; font-size: 18px;\"><\/i><br \/>\nMalta ve Avrupa g\u0131da g\u00fcvenli\u011fi mevzuat\u0131na uygun belgeler ile \u00e7al\u0131\u015f\u0131yoruz.<\/li>\n<li style=\"padding: 12px 0; padding-left: 30px; position: relative; font-size: 16px; line-height: 1.7; color: #555;\"><i class=\"fa fa-check-circle\" style=\"position: absolute; left: 0; top: 15px; color: #e74c3c; font-size: 18px;\"><\/i><br \/>\nDenetim ve raporlama sistemleri ile uzun vadeli kontrol ve s\u00fcrd\u00fcr\u00fclebilir kalite sa\u011flan\u0131r.<\/li>\n<\/ul>\n<p>[\/vc_column_text][\/vc_column][vc_column width=&#8221;1\/2&#8243; css=&#8221;.vc_custom_1620000065{padding-left: 40px !important;}&#8221;][vc_single_image image=&#8221;1257&#8243; img_size=&#8221;full&#8221; alignment=&#8221;center&#8221; style=&#8221;vc_box_shadow&#8221; css=&#8221;.vc_custom_1762175896838{border-radius: 10px !important;}&#8221;][\/vc_column][\/vc_row][vc_row full_width=&#8221;stretch_row&#8221; overlay_dotted=&#8221;&#8221; css=&#8221;.vc_custom_1762171824802{padding-top: 80px !important;padding-bottom: 80px !important;background: #FFFFFF url(https:\/\/gastrolinemt.com\/wp-content\/uploads\/2025\/11\/contact.jpg?id=1258) !important;background-position: center !important;background-repeat: no-repeat !important;background-size: cover !important;}&#8221;][vc_column][vc_custom_heading text=&#8221;Restoran\u0131n\u0131z\u0131 Bir \u00dcst Seviyeye Ta\u015f\u0131yal\u0131m&#8221; font_container=&#8221;tag:h2|font_size:40px|text_align:center|color:%23ffffff|line_height:1.3&#8243; use_theme_fonts=&#8221;yes&#8221; css=&#8221;.vc_custom_1620000071{margin-bottom: 20px !important;}&#8221;][vc_column_text css=&#8221;.vc_custom_1620000072{margin-bottom: 30px !important;}&#8221;]<\/p>\n<p style=\"text-align: center; font-size: 18px; color: #ffffff; max-width: 700px; margin: 0 auto;\">Profesyonel dan\u0131\u015fmanl\u0131k hizmetlerimiz hakk\u0131nda detayl\u0131 bilgi almak ve projelerinizi g\u00f6r\u00fc\u015fmek i\u00e7in bizimle ileti\u015fime ge\u00e7in.<\/p>\n<p>[\/vc_column_text][vc_btn title=&#8221;Bize Ula\u015f\u0131n&#8221; style=&#8221;flat&#8221; shape=&#8221;round&#8221; color=&#8221;white&#8221; size=&#8221;lg&#8221; align=&#8221;center&#8221; link=&#8221;url:%23|title:Contact||&#8221;][\/vc_column][\/vc_row]<\/p>\n<\/div>","protected":false},"excerpt":{"rendered":"[vc_row full_width=&#8221;stretch_row&#8221; overlay_dotted=&#8221;&#8221; css=&#8221;.vc_custom_1762171921584{padding-top: 80px !important;padding-bottom: 50px !important;background: #f8f9fa url(https:\/\/gastrolinemt.com\/wp-content\/uploads\/2025\/11\/services-scaled.jpg?id=1259) !important;}&#8221;][vc_column][vc_custom_heading text=&#8221;Hizmetlerimiz&#8221; font_container=&#8221;tag:h1|font_size:48px|text_align:center|color:%23333333|line_height:1.2&#8243; use_theme_fonts=&#8221;yes&#8221; css=&#8221;.vc_custom_1620000002{margin-bottom: 20px !important;}&#8221;][vc_column_text css=&#8221;.vc_custom_1762171941840{margin-bottom: 60px !important;}&#8221;] Restoran\u0131n\u0131z\u0131 ba\u015far\u0131ya ta\u015f\u0131yacak profesyonel dan\u0131\u015fmanl\u0131k hizmetlerimizle tan\u0131\u015f\u0131n. [\/vc_column_text][\/vc_column][\/vc_row][vc_row full_width=&#8221;stretch_row&#8221; css=&#8221;.vc_custom_1620000010{padding-top: 60px !important;padding-bottom: 60px !important;background-color: #ffffff !important;}&#8221;][vc_column width=&#8221;1\/2&#8243; css=&#8221;.vc_custom_1620000011{padding-right: 40px !important;}&#8221;][vc_single_image image=&#8221;1250&#8243; img_size=&#8221;full&#8221; alignment=&#8221;center&#8221; style=&#8221;vc_box_shadow&#8221; css=&#8221;.vc_custom_1762175822921{border-radius: 10px !important;}&#8221;][\/vc_column][vc_column width=&#8221;1\/2&#8243; css=&#8221;.vc_custom_1620000013{padding-left: 40px !important;}&#8221;][vc_custom_heading text=&#8221;1. Konsept Geli\u015ftirme &amp;[&#8230;]","protected":false},"author":1,"featured_media":0,"parent":0,"menu_order":0,"comment_status":"closed","ping_status":"closed","template":"","meta":{"footnotes":""},"class_list":["post-1247","page","type-page","status-publish","hentry"],"_hostinger_reach_plugin_has_subscription_block":false,"_hostinger_reach_plugin_is_elementor":false,"_links":{"self":[{"href":"https:\/\/gastrolinemt.com\/index.php?rest_route=\/wp\/v2\/pages\/1247","targetHints":{"allow":["GET"]}}],"collection":[{"href":"https:\/\/gastrolinemt.com\/index.php?rest_route=\/wp\/v2\/pages"}],"about":[{"href":"https:\/\/gastrolinemt.com\/index.php?rest_route=\/wp\/v2\/types\/page"}],"author":[{"embeddable":true,"href":"https:\/\/gastrolinemt.com\/index.php?rest_route=\/wp\/v2\/users\/1"}],"replies":[{"embeddable":true,"href":"https:\/\/gastrolinemt.com\/index.php?rest_route=%2Fwp%2Fv2%2Fcomments&post=1247"}],"version-history":[{"count":8,"href":"https:\/\/gastrolinemt.com\/index.php?rest_route=\/wp\/v2\/pages\/1247\/revisions"}],"predecessor-version":[{"id":1249,"href":"https:\/\/gastrolinemt.com\/index.php?rest_route=\/wp\/v2\/pages\/1247\/revisions\/1249"}],"wp:attachment":[{"href":"https:\/\/gastrolinemt.com\/index.php?rest_route=%2Fwp%2Fv2%2Fmedia&parent=1247"}],"curies":[{"name":"wp","href":"https:\/\/api.w.org\/{rel}","templated":true}]}}